{"id":9,"date":"2014-07-11T12:17:15","date_gmt":"2014-07-11T10:17:15","guid":{"rendered":"https:\/\/www.drlucchina.com\/?page_id=9"},"modified":"2017-07-24T12:23:40","modified_gmt":"2017-07-24T10:23:40","slug":"attivita-umanitarie","status":"publish","type":"page","link":"https:\/\/www.drlucchina.com\/it\/attivita-umanitarie\/","title":{"rendered":"Attivit\u00e0 umanitarie"},"content":{"rendered":"<p><a href=\"https:\/\/www.drlucchina.com\/wp-content\/uploads\/2014\/07\/attivita_umanitarie_1.jpg\" data-rel=\"lightbox-image-0\" data-rl_title=\"\" data-rl_caption=\"\" title=\"\"><img loading=\"lazy\" decoding=\"async\" class=\"alignleft size-medium wp-image-5987\" src=\"https:\/\/www.drlucchina.com\/wp-content\/uploads\/2014\/07\/attivita_umanitarie_1-300x225.jpg\" alt=\"Attivita Umanitarie 1\" width=\"300\" height=\"225\" srcset=\"https:\/\/www.drlucchina.com\/wp-content\/uploads\/2014\/07\/attivita_umanitarie_1-300x225.jpg 300w, https:\/\/www.drlucchina.com\/wp-content\/uploads\/2014\/07\/attivita_umanitarie_1.jpg 1000w, https:\/\/www.drlucchina.com\/wp-content\/uploads\/2014\/07\/attivita_umanitarie_1-710x532.jpg 710w\" sizes=\"(max-width: 300px) 100vw, 300px\" \/><\/a>Dal 2012 con il team svizzero che guido,\u00a0<span style=\"font-weight: 400;\">aderiamo ai progetti umanitari e alle missioni in Africa ed Asia organizzati dal GICAM (Gruppo Internazionale Chirurghi amici della mano \u2013 www.gicam.net) ONG.<\/span><\/p>\n<p>Il GICAM, fondato e voluto dal Prof. Lanzetta, noto chirurgo pioniere della chirurgia dei\u00a0 trapianti di mano, \u00e8 attivo da pi\u00f9 di 10 anni in missioni umanitarie in Paesi in via di sviluppo e si impegna in attivit\u00e0 di solidariet\u00e0 in ambito sanitario a livello internazionale mettendo al servizio di terzi le capacit\u00e0 professionali e chirurgiche degli aderenti.<\/p>\n<p>Il progetto &#8220;Una mano per l&#8217;Africa&#8221; avente come destinazione l&#8217;Africa Occidentale ed Orientale coinvolge un team internazionale di noti chirurghi della mano, chirurghi plastici e microchirurghi con lunga esperienza e provenienti da centri di eccellenza principalmente <span style=\"font-weight: 400;\">principalmente dall\u2019 Italia, <\/span><span style=\"font-weight: 400;\">Svizzera,<\/span><span style=\"font-weight: 400;\"> Canada.<\/span><\/p>\n<p>Le persone trattate sono in gran parte bambini, o giovani adulti vittime di malformazioni congenite, paralisi nervose, ustioni o guerre.<br \/>\n<span style=\"font-weight: 400;\">Nuove \u00a0missioni sono gia\u2019 state pianificate in Kenya ed India come parte del progetto GICAM. Una sala operatoria volante nelle zone piu\u2019 povere dell\u2019Asia e dell\u2019Africa e\u2019 stata creata, con tutti gli strumenti chirurgici e tutto cio\u2019 che e\u2019 necessario a curare mani malate, deformate, traumatizzate, amputate per dare una speranza, per ricostruire un futuro o ricominciare un lavoro lontani dalla burocrazia e i conflitti quotidiani coi quali bisogna confrontarsi quotidianamente nel sistema sanitario <\/span><span style=\"font-weight: 400;\">elvetico<\/span><span style=\"font-weight: 400;\">.<\/span><\/p>\n<p><span style=\"font-weight: 400;\">Nelle localita\u2019 succitate gli ospedali sono in grado di ricevere e far fronte alle richieste di chirurghi, anestesisti, ergoterapisti ed infermieri auto-finanaziati senza i costi amministrativi e la perdita di tempo destinata abitualmente a riparare apparecchi e locali in un\u2019unica localita\u2019.<\/span><a href=\"https:\/\/www.drlucchina.com\/wp-content\/uploads\/2014\/07\/attivita_umanitarie_2.jpg\" data-rel=\"lightbox-image-1\" data-rl_title=\"\" data-rl_caption=\"\" title=\"\"><img loading=\"lazy\" decoding=\"async\" class=\"alignright size-medium wp-image-5988\" src=\"https:\/\/www.drlucchina.com\/wp-content\/uploads\/2014\/07\/attivita_umanitarie_2-300x225.jpg\" alt=\"Attivita Umanitarie 2\" width=\"300\" height=\"225\" srcset=\"https:\/\/www.drlucchina.com\/wp-content\/uploads\/2014\/07\/attivita_umanitarie_2-300x225.jpg 300w, https:\/\/www.drlucchina.com\/wp-content\/uploads\/2014\/07\/attivita_umanitarie_2.jpg 1000w, https:\/\/www.drlucchina.com\/wp-content\/uploads\/2014\/07\/attivita_umanitarie_2-710x532.jpg 710w\" sizes=\"(max-width: 300px) 100vw, 300px\" \/><\/a><\/p>\n<p><span style=\"font-weight: 400;\"> Abbiamo imparato dopo anni di esperienza che un ospedale dove portiamo i nostri strumenti e che ci ospiti per due settimane e\u2019 sufficiente al nostro scopo di operare pazienti pre-selezionati, in accordo ad uno screening che dia priorita\u2019 a donne e bambini. Senza la burocrazia e i lavori amministrativi che occupano il 30% del tempo dei medici e sfortunatamente allontanano i dottori dalla cura dei loro pazienti.<\/span>.<\/p>\n<p>Gli abbracci, il bentornato, i volti puliti e sorridenti dei frati e dei pazienti a cui mi sono affezionato&#8230; affettuosi convenevoli che si ripetono dal 2012, e\u00a0preludono a frenetiche attivit\u00e0.<br \/>\nOgni volta \u00e8 cos\u00ec, e non vorrei che non passasse mai il tempo a tal gente.<br \/>\nFin dall&#8217;arrivo si comincia a lavorare. Visite su visite, auto, minibus o taxi fatiscenti che portano pazienti piu&#8217; o meno semplici. Spesso i bimbi sono accompagnati da genitori coi quali hanno fatto giorni di strada a piedi mano nella mano in attesa di una visita magari neanche risolutoria. Bisogna decidere chi operare e chi no. Chi \u00e8 in grado di sostenere un intervento e chi pu\u00f2 non farcela. Non \u00e8 facile.<\/p>\n<p>La sala operatoria di Tanguiet\u00e0 ha due tavoli operatori con criteri di sterilit\u00e0 che farebbero rabbrividire qualsiasi strumentista di tutte le parti del mondo.<br \/>\nOperare in Paesi del terzo mondo o in via di sviluppo \u00e8 diverso:<br \/>\ndiverso il clima, diverse le patologie, diversa la risposta dell\u2019 organismo ai medicinali, diversi i tempi operatori.<br \/>\nTutto cambia e non solo per le condizioni precarie. Bisogna modificare la metodica d\u2019intervento per risolvere il problema nel pi\u00f9 breve tempo possibile, con il minor numero di interventi perch\u00e8 difficilmente il paziente torner\u00e0 a farsi controllare &#8211; e con il minor tasso di complicanze. Quello che si fa in due o pi\u00f9 interventi, a distanza di mesi, l\u00ec bisogna farlo in una volta sola.<br \/>\nCi sono poi patologie che da noi rappresentano la rarit\u00e0, il grande caso chirurgico. L\u00e0 sono la routine: infezioni da morsi di serpenti, ustioni devastanti, malformazioni vascolari enormi, malformazioni della mano , tumori grandi come funghi&#8230;<br \/>\nQuindi l&#8217; Indicazione chirurgica deve essere ancor pi\u00f9 meditata.<\/p>\n<p><a href=\"https:\/\/www.drlucchina.com\/wp-content\/uploads\/2014\/07\/attivita_umanitarie_3.jpg\" data-rel=\"lightbox-image-2\" data-rl_title=\"\" data-rl_caption=\"\" title=\"\"><img loading=\"lazy\" decoding=\"async\" class=\"alignleft size-medium wp-image-5989\" src=\"https:\/\/www.drlucchina.com\/wp-content\/uploads\/2014\/07\/attivita_umanitarie_3-300x225.jpg\" alt=\"Attivita Umanitarie 3\" width=\"300\" height=\"225\" srcset=\"https:\/\/www.drlucchina.com\/wp-content\/uploads\/2014\/07\/attivita_umanitarie_3-300x225.jpg 300w, https:\/\/www.drlucchina.com\/wp-content\/uploads\/2014\/07\/attivita_umanitarie_3.jpg 1000w, https:\/\/www.drlucchina.com\/wp-content\/uploads\/2014\/07\/attivita_umanitarie_3-710x532.jpg 710w\" sizes=\"(max-width: 300px) 100vw, 300px\" \/><\/a>In Africa gli anestesisti non esistono per cui nel nostro team tale figura non manca mai. E&#8217; un altro regalo al concetto di sicurezza dei pazienti e nostra che ci siamo imposti di fare, esportandolo dalla nostra realt\u00e0 ticinese di alta qualit\u00e0.<\/p>\n<p>In pochi giorni devi portare a termine il maggior numero di interventi possibile e fatti con alta qualit\u00e0.<br \/>\nOgni anno eseguiamo circa 30\/40 interventi maggiori, per la gran parte malformazioni pediatriche.<br \/>\nTalvolta mi sento dire: ma chi te lo fa fare di partire, giocarti\u00a0 2\/3 settimane di ferie, per che cosa poi? Sorrido silenzioso, e mi torna la nostalgia.<\/p>\n<p>L\u2019Africa, quest\u2019Africa \u00e8 un mix di vitalit\u00e0, di umanit\u00e0, di arricchimento personale, talvolta di sofferenza, spesso di grande gioia che contrasta con la nostra societ\u00e0 anziana e decadente, in primis nei valori e nel concetto di famiglia.<\/p>\n<br \/>\n<p>Mi \u00e8 capitato di dover fare lembi di ricostruzione delle gambe per evitare che delle gambe con l\u2019osso esposto all&#8217;aria non venissero amputate. Una vergogna nei Paesi Occidentali, una catastrofe in Africa. Evitare una ghettizzazione sociale per una limitazione di cui non \u00e8 colpevole.<br \/>\nQueste sono le vere soddisfazioni della vita.<\/p>\n<p>Se vuoi aiutarci:<\/p>\n<p><a title=\"Gicam\" href=\"http:\/\/www.gicam.it\">GICAM ONLUS<\/a><\/p>\n<p>Banca Maerki &amp; Baumann<br \/>\n8022 Zurich<br \/>\nConto 80-15616-4<\/p>\n<p>IBAN CH23 0857 3200 4040 5100 1<\/p>\n<br \/>\n","protected":false},"excerpt":{"rendered":"<p>Dal 2012 con il team svizzero che guido,\u00a0aderiamo ai progetti umanitari e alle missioni in Africa ed Asia organizzati dal GICAM (Gruppo Internazionale Chirurghi amici della mano \u2013 www.gicam.net) ONG. Il GICAM, fondato e voluto dal Prof. Lanzetta, noto chirurgo pioniere della chirurgia dei\u00a0 trapianti di mano, \u00e8 attivo da pi\u00f9 di 10 anni in&#8230;<\/p>\n","protected":false},"author":1,"featured_media":0,"parent":0,"menu_order":0,"comment_status":"closed","ping_status":"open","template":"","meta":{"footnotes":""},"yoast_head":"<!-- This site is optimized with the Yoast SEO plugin v21.0 - https:\/\/yoast.com\/wordpress\/plugins\/seo\/ -->\n<title>Attivit\u00e0 umanitarie - Dr Stefano Lucchina<\/title>\n<meta name=\"robots\" content=\"index, follow, max-snippet:-1, max-image-preview:large, max-video-preview:-1\" \/>\n<link rel=\"canonical\" href=\"https:\/\/www.drlucchina.com\/humanitarian-activities\/\" \/>\n<meta property=\"og:locale\" content=\"it_IT\" \/>\n<meta property=\"og:type\" content=\"article\" \/>\n<meta property=\"og:title\" content=\"Attivit\u00e0 umanitarie - Dr Stefano Lucchina\" \/>\n<meta property=\"og:description\" content=\"Dal 2012 con il team svizzero che guido,\u00a0aderiamo ai progetti umanitari e alle missioni in Africa ed Asia organizzati dal GICAM (Gruppo Internazionale Chirurghi amici della mano \u2013 www.gicam.net) ONG. Il GICAM, fondato e voluto dal Prof. Lanzetta, noto chirurgo pioniere della chirurgia dei\u00a0 trapianti di mano, \u00e8 attivo da pi\u00f9 di 10 anni in...\" \/>\n<meta property=\"og:url\" content=\"https:\/\/www.drlucchina.com\/humanitarian-activities\/\" \/>\n<meta property=\"og:site_name\" content=\"Dr Stefano Lucchina\" \/>\n<meta property=\"article:modified_time\" content=\"2017-07-24T10:23:40+00:00\" \/>\n<meta property=\"og:image\" content=\"https:\/\/www.drlucchina.com\/wp-content\/uploads\/2014\/07\/attivita_umanitarie_1-300x225.jpg\" \/>\n<meta name=\"twitter:label1\" content=\"Tempo di lettura stimato\" \/>\n\t<meta name=\"twitter:data1\" content=\"4 minuti\" \/>\n<script type=\"application\/ld+json\" class=\"yoast-schema-graph\">{\"@context\":\"https:\/\/schema.org\",\"@graph\":[{\"@type\":\"WebPage\",\"@id\":\"https:\/\/www.drlucchina.com\/humanitarian-activities\/\",\"url\":\"https:\/\/www.drlucchina.com\/humanitarian-activities\/\",\"name\":\"Attivit\u00e0 umanitarie - Dr Stefano Lucchina\",\"isPartOf\":{\"@id\":\"https:\/\/www.drlucchina.com\/#website\"},\"datePublished\":\"2014-07-11T10:17:15+00:00\",\"dateModified\":\"2017-07-24T10:23:40+00:00\",\"breadcrumb\":{\"@id\":\"https:\/\/www.drlucchina.com\/humanitarian-activities\/#breadcrumb\"},\"inLanguage\":\"it-IT\",\"potentialAction\":[{\"@type\":\"ReadAction\",\"target\":[\"https:\/\/www.drlucchina.com\/humanitarian-activities\/\"]}]},{\"@type\":\"BreadcrumbList\",\"@id\":\"https:\/\/www.drlucchina.com\/humanitarian-activities\/#breadcrumb\",\"itemListElement\":[{\"@type\":\"ListItem\",\"position\":1,\"name\":\"Home\",\"item\":\"https:\/\/www.drlucchina.com\/it\/\"},{\"@type\":\"ListItem\",\"position\":2,\"name\":\"Attivit\u00e0 umanitarie\"}]},{\"@type\":\"WebSite\",\"@id\":\"https:\/\/www.drlucchina.com\/#website\",\"url\":\"https:\/\/www.drlucchina.com\/\",\"name\":\"Dr Stefano Lucchina\",\"description\":\"Medico Specializzato in Chirurgia della mano e microchirurgia ricostruttiva\",\"potentialAction\":[{\"@type\":\"SearchAction\",\"target\":{\"@type\":\"EntryPoint\",\"urlTemplate\":\"https:\/\/www.drlucchina.com\/?s={search_term_string}\"},\"query-input\":\"required name=search_term_string\"}],\"inLanguage\":\"it-IT\"}]}<\/script>\n<!-- \/ Yoast SEO plugin. -->","yoast_head_json":{"title":"Attivit\u00e0 umanitarie - Dr Stefano Lucchina","robots":{"index":"index","follow":"follow","max-snippet":"max-snippet:-1","max-image-preview":"max-image-preview:large","max-video-preview":"max-video-preview:-1"},"canonical":"https:\/\/www.drlucchina.com\/humanitarian-activities\/","og_locale":"it_IT","og_type":"article","og_title":"Attivit\u00e0 umanitarie - Dr Stefano Lucchina","og_description":"Dal 2012 con il team svizzero che guido,\u00a0aderiamo ai progetti umanitari e alle missioni in Africa ed Asia organizzati dal GICAM (Gruppo Internazionale Chirurghi amici della mano \u2013 www.gicam.net) ONG. Il GICAM, fondato e voluto dal Prof. Lanzetta, noto chirurgo pioniere della chirurgia dei\u00a0 trapianti di mano, \u00e8 attivo da pi\u00f9 di 10 anni in...","og_url":"https:\/\/www.drlucchina.com\/humanitarian-activities\/","og_site_name":"Dr Stefano Lucchina","article_modified_time":"2017-07-24T10:23:40+00:00","og_image":[{"url":"https:\/\/www.drlucchina.com\/wp-content\/uploads\/2014\/07\/attivita_umanitarie_1-300x225.jpg"}],"twitter_misc":{"Tempo di lettura stimato":"4 minuti"},"schema":{"@context":"https:\/\/schema.org","@graph":[{"@type":"WebPage","@id":"https:\/\/www.drlucchina.com\/humanitarian-activities\/","url":"https:\/\/www.drlucchina.com\/humanitarian-activities\/","name":"Attivit\u00e0 umanitarie - Dr Stefano Lucchina","isPartOf":{"@id":"https:\/\/www.drlucchina.com\/#website"},"datePublished":"2014-07-11T10:17:15+00:00","dateModified":"2017-07-24T10:23:40+00:00","breadcrumb":{"@id":"https:\/\/www.drlucchina.com\/humanitarian-activities\/#breadcrumb"},"inLanguage":"it-IT","potentialAction":[{"@type":"ReadAction","target":["https:\/\/www.drlucchina.com\/humanitarian-activities\/"]}]},{"@type":"BreadcrumbList","@id":"https:\/\/www.drlucchina.com\/humanitarian-activities\/#breadcrumb","itemListElement":[{"@type":"ListItem","position":1,"name":"Home","item":"https:\/\/www.drlucchina.com\/it\/"},{"@type":"ListItem","position":2,"name":"Attivit\u00e0 umanitarie"}]},{"@type":"WebSite","@id":"https:\/\/www.drlucchina.com\/#website","url":"https:\/\/www.drlucchina.com\/","name":"Dr Stefano Lucchina","description":"Medico Specializzato in Chirurgia della mano e microchirurgia ricostruttiva","potentialAction":[{"@type":"SearchAction","target":{"@type":"EntryPoint","urlTemplate":"https:\/\/www.drlucchina.com\/?s={search_term_string}"},"query-input":"required name=search_term_string"}],"inLanguage":"it-IT"}]}},"_links":{"self":[{"href":"https:\/\/www.drlucchina.com\/it\/wp-json\/wp\/v2\/pages\/9"}],"collection":[{"href":"https:\/\/www.drlucchina.com\/it\/wp-json\/wp\/v2\/pages"}],"about":[{"href":"https:\/\/www.drlucchina.com\/it\/wp-json\/wp\/v2\/types\/page"}],"author":[{"embeddable":true,"href":"https:\/\/www.drlucchina.com\/it\/wp-json\/wp\/v2\/users\/1"}],"replies":[{"embeddable":true,"href":"https:\/\/www.drlucchina.com\/it\/wp-json\/wp\/v2\/comments?post=9"}],"version-history":[{"count":16,"href":"https:\/\/www.drlucchina.com\/it\/wp-json\/wp\/v2\/pages\/9\/revisions"}],"predecessor-version":[{"id":6657,"href":"https:\/\/www.drlucchina.com\/it\/wp-json\/wp\/v2\/pages\/9\/revisions\/6657"}],"wp:attachment":[{"href":"https:\/\/www.drlucchina.com\/it\/wp-json\/wp\/v2\/media?parent=9"}],"curies":[{"name":"wp","href":"https:\/\/api.w.org\/{rel}","templated":true}]}}