{"id":7,"date":"2014-07-11T12:17:05","date_gmt":"2014-07-11T10:17:05","guid":{"rendered":"https:\/\/www.drlucchina.com\/?page_id=7"},"modified":"2017-10-10T19:19:31","modified_gmt":"2017-10-10T17:19:31","slug":"campi-dinteresse","status":"publish","type":"page","link":"https:\/\/www.drlucchina.com\/it\/campi-dinteresse\/","title":{"rendered":"Campi di Interesse"},"content":{"rendered":"<p><a href=\"https:\/\/www.drlucchina.com\/wp-content\/uploads\/2014\/07\/P10107313.jpg\" data-rel=\"lightbox-image-0\" data-rl_title=\"\" data-rl_caption=\"\" title=\"\"><img loading=\"lazy\" decoding=\"async\" class=\"alignleft wp-image-6161 size-medium\" src=\"https:\/\/www.drlucchina.com\/wp-content\/uploads\/2014\/07\/P10107313-300x225.jpg\" alt=\"\" width=\"300\" height=\"225\" srcset=\"https:\/\/www.drlucchina.com\/wp-content\/uploads\/2014\/07\/P10107313-300x225.jpg 300w, https:\/\/www.drlucchina.com\/wp-content\/uploads\/2014\/07\/P10107313-710x532.jpg 710w, https:\/\/www.drlucchina.com\/wp-content\/uploads\/2014\/07\/P10107313.jpg 1024w\" sizes=\"(max-width: 300px) 100vw, 300px\" \/><\/a><strong>Nella chirurgia della mano convivono due anime:<\/strong> l&#8217;anima &#8220;ortopedica&#8221; si occupa di ricostruire le componenti ossee o cartilaginee usurate dal tempo o traumatizzate in seguito ad incidente acuto. L&#8217;anima &#8220;plastica e ricostruttiva&#8221; si occupa di riportare alla normalit\u00e0 una natura violata o deforme. Nella massima espressione della mia disciplina le due anime si integrano.<br \/>\nLa chirurgia della mano si avvale inoltre della microchirurgia ricostruttiva come tecnica per ridare la sensibilita alle mani o per correggere la sopravvivenza di una estremit\u00e0 qualora un evento traumatico ne abbia comportato l&#8217;assenza di perfusione periferica. La pratica della microchirurgia ricostruttiva\u00a0\u00e8 spesso pi\u00f9 impegnativa e lunga\u00a0 di quella ortopedica e richiede un lungo training per affinare le\u00a0 capacit\u00e0 tecniche di preparazione e di completamento delle procedure.<\/p>\n<p>Solo la frequenza di anni a stretto contatto, dentro e fuori dagli Ospedali, con i maestri che diventano anche &#8220;mentors&#8221; puo&#8217; dare una dimensione di eccellenza.<br \/>\nLe mie basi deontologiche mi portano a trattare chi ho davanti nel rispetto della persona, della malattia e del disagio.<\/p>\n<p>Ogni volta che il paziente afferisce nel mio studio o sala operatoria, la sua cura \u00e8 personalizzata e perch\u00e8 un paziente venga preso a carico deve rispondere positivamente alle 6 domande:<\/p>\n<p>1)\u00a0so che cosa tratto;<br \/>\n2)\u00a0ho gia fatto questo tipo di operazione piu&#8217; volte e con successo;<br \/>\n3) ho l&#8217;esperienza e le abilit\u00e0 tecniche per farlo;<br \/>\n4) ho il team e la struttura per trattarlo;<br \/>\n5) ho il tempo per prenderlo a carico;<br \/>\n6) so gestire le eventuali complicanze.<\/p>\n<p>La quotidianit\u00e0 dei pazienti afferenti all&#8217;ambulatorio specialistico \u00e8 di pazienti trattati chirurgicamente presso altri colleghi NON specialisti che a fronte di un insuccesso o una complicanza inviano il paziente per la prosecuzione delle cure.<\/p>\n<p>Campi di interesse del Dr.Lucchina sono:<\/p>\n<p><strong>&#8211; le neuropatie periferiche su base meccanica o dismetabolica trattate con tecniche endoscopiche \/o mini-invasive (sindrome del tunnel carpale e compressione del nervo ulnare al gomito).<\/strong><\/p>\n<p><span style=\"font-weight: 400;\">Il vantaggio del trattamento per via endoscopica o sotto guida ecografica di tali sindromi nervose<\/span>, non \u00e8 solo di minimizzare una cicatrice inestetica, ma anche velocizzare il tempo di recupero post-operatorio permettendo un rientro alle attivit\u00e0 quotidiane o sportive pi\u00f9 celere. I risultati a lungo termine sono eccellenti con parecchi vantaggi per il paziente rispetto ai metodi tradizionali di trattamento. Occasionalmente compare post-operatoriamente un dolore in sede cicatriziale nel palmo al contatto con utensili, attrezzi sportivi o strumenti da lavoro duri ma in generale\u00a0 vi sono minime complicanze o dolore dopo l&#8217;intervento.<\/p>\n<p><strong>&#8211; il trattamento dei problemi di artrosi della base del pollice (rizartrosi), nonche&#8217; le lesioni legamentari del polso e del pollice con tecnica artroscopica.<\/strong><\/p>\n<p>La classica procedura chirurgica per la terapia della rizartrosi \u00e8 rappresentata dalla asportazione dell&#8217;osso trapezio e la ricostruzione articolare usando il tendine flexor carpi radialis o abductor pollicis longus frapposti all&#8217;interno della neo-articolazione. L&#8217;alternativa \u00e8 rappresentata dall&#8217;utilizzo di artroplastiche specie negli stadi intermedi di malattia con tuttavia il rischio di lussazione o usura dei materiali protesici utilizzati.<\/p>\n<p>Negli ultimi anni si \u00e8 affermato l&#8217;utilizzo dell&#8217;artroscopia anche per le piccole articolazioni della mano.<\/p>\n<p>Una procedura artroscopica permette di eseguire una sinoviectomia e una pulizia articolare che determina una riduzione del dolore. Grazie all&#8217;artroscopio il chirurgo pu\u00f2 inoltre captare una iniziale degenerazione delle cartilagini sulle opposte superfici articolari. Se la cartilagine \u00e8 ancora intatta, allora si pu\u00f2 dare un rinforzo della capsula articolare per ridurre la lassit\u00e0. Questo passo puo alterare il processo di degenerazione artrosica e dare una riduzione dei sintomi senza gli effetti collaterali degli steroidi in infiltrazione.<\/p>\n<p>Gli es. radiografici evidenziano sovente solo lievi alterazioni ma una artroscopia puo mostrare il vero livello di artrosi basato sulla perdita di cartilagine. Questo permette al clinico di scegliere una osteotomia negli stadi piu precoci di malattia ed una artroplastica di sospensione artroscopica negli stadi piu\u2019 avanzati. Se la perdita di cartilagine \u00e8 focale, i pazienti possono beneficiare di un debridment artroscopico e uno shrinkage per stabilizzare l&#8217;articolazione. Il chirurgo della mano pu\u00f2 eseguire una osteotomia correttiva con una mini -incisione per alterare la biomeccanica articolare. Il metacarpo puo essere centralizzato sul trapezio, evitando la sublussazione ed il circolo vizioso della osteoartrosi in una articolazione instabile.<br \/>\nSe il danno della cartilagine articolare \u00e8 avanzato, il chirurgo pu\u00f2 asportare la cartilagine dal trapezio aumentando lo spazio articolare. Questo minimizza il contatto tra osso trapezio e primo metacarpo. Inoltre tale procedura causa un sanguinamento dall&#8217;osso subcondrale, causando la formazione di coaguli che aderiscono al trapianto tendineo. Il trapianto di tendine viene inserito in articolazione aderendo\u00a0 ai coaguli di sangue ed agendo come un cuscino tra le opposte superfici articolari. Questo comporta un buon sollievo da dolore e con ridotto dolore postoperatorio<\/p>\n<p><strong>&#8211; chirurgia mini-invasiva della mano e del polso, soprattutto nei casi di ricostruzione della funzionalit\u00e0 perduta in seguito a incidenti, con riduzione dei tempi di recupero dall&#8217;attivit\u00e0 sportiva o lavorativa<\/strong><\/p>\n<p><strong>&#8211; la ricostruzione microchirurgica delle lesioni nervose e delle paralisi dell&#8217;arto superiore e inferiore, con particolare riferimento ai traumi stradali e da lavoro<\/strong><\/p>\n<p><strong>&#8211; la ricostruzione dell&#8217;arto superiore in seguito a paralisi nervose su base congenita o da malattie cerebrovascolari per migliorare la cosmesi, l&#8217;igiene o la funzione<\/strong><\/p>\n<p><strong>&#8211; la ricostruzione microchirurgica delle perdite di sostanza dell&#8217;arto superiore in seguito a incidenti, tumori o malattie dermatologiche riducendo le sequele estetiche e funzionali spesso caratteristiche di affezioni non opportunamente trattate<\/strong><\/p>\n","protected":false},"excerpt":{"rendered":"<p>Nella chirurgia della mano convivono due anime: l&#8217;anima &#8220;ortopedica&#8221; si occupa di ricostruire le componenti ossee o cartilaginee usurate dal tempo o traumatizzate in seguito ad incidente acuto. L&#8217;anima &#8220;plastica e ricostruttiva&#8221; si occupa di riportare alla normalit\u00e0 una natura violata o deforme. Nella massima espressione della mia disciplina le due anime si integrano. La&#8230;<\/p>\n","protected":false},"author":1,"featured_media":0,"parent":0,"menu_order":0,"comment_status":"closed","ping_status":"open","template":"","meta":{"footnotes":""},"yoast_head":"<!-- This site is optimized with the Yoast SEO plugin v21.0 - https:\/\/yoast.com\/wordpress\/plugins\/seo\/ -->\n<title>Campi di Interesse - Dr Stefano Lucchina<\/title>\n<meta name=\"description\" content=\"La chirurgia della mano si avvale della microchirurgia ricostruttiva come tecnica per ridare la sensibilita alle mani o per correggere la sopravvivenza di una estremit\u00e0.\" \/>\n<meta name=\"robots\" content=\"index, follow, max-snippet:-1, max-image-preview:large, max-video-preview:-1\" \/>\n<link rel=\"canonical\" href=\"https:\/\/www.drlucchina.com\/fields-of-interests\/\" \/>\n<meta property=\"og:locale\" content=\"it_IT\" \/>\n<meta property=\"og:type\" content=\"article\" \/>\n<meta property=\"og:title\" content=\"Campi di Interesse - Dr Stefano Lucchina\" \/>\n<meta property=\"og:description\" content=\"La chirurgia della mano si avvale della microchirurgia ricostruttiva come tecnica per ridare la sensibilita alle mani o per correggere la sopravvivenza di una estremit\u00e0.\" \/>\n<meta property=\"og:url\" content=\"https:\/\/www.drlucchina.com\/fields-of-interests\/\" \/>\n<meta property=\"og:site_name\" content=\"Dr Stefano Lucchina\" \/>\n<meta property=\"article:modified_time\" content=\"2017-10-10T17:19:31+00:00\" \/>\n<meta property=\"og:image\" content=\"https:\/\/www.drlucchina.com\/wp-content\/uploads\/2014\/07\/P10107313-300x225.jpg\" \/>\n<meta name=\"twitter:label1\" content=\"Tempo di lettura stimato\" \/>\n\t<meta name=\"twitter:data1\" content=\"4 minuti\" \/>\n<script type=\"application\/ld+json\" class=\"yoast-schema-graph\">{\"@context\":\"https:\/\/schema.org\",\"@graph\":[{\"@type\":\"WebPage\",\"@id\":\"https:\/\/www.drlucchina.com\/fields-of-interests\/\",\"url\":\"https:\/\/www.drlucchina.com\/fields-of-interests\/\",\"name\":\"Campi di Interesse - Dr Stefano Lucchina\",\"isPartOf\":{\"@id\":\"https:\/\/www.drlucchina.com\/#website\"},\"datePublished\":\"2014-07-11T10:17:05+00:00\",\"dateModified\":\"2017-10-10T17:19:31+00:00\",\"description\":\"La chirurgia della mano si avvale della microchirurgia ricostruttiva come tecnica per ridare la sensibilita alle mani o per correggere la sopravvivenza di una estremit\u00e0.\",\"breadcrumb\":{\"@id\":\"https:\/\/www.drlucchina.com\/fields-of-interests\/#breadcrumb\"},\"inLanguage\":\"it-IT\",\"potentialAction\":[{\"@type\":\"ReadAction\",\"target\":[\"https:\/\/www.drlucchina.com\/fields-of-interests\/\"]}]},{\"@type\":\"BreadcrumbList\",\"@id\":\"https:\/\/www.drlucchina.com\/fields-of-interests\/#breadcrumb\",\"itemListElement\":[{\"@type\":\"ListItem\",\"position\":1,\"name\":\"Home\",\"item\":\"https:\/\/www.drlucchina.com\/it\/\"},{\"@type\":\"ListItem\",\"position\":2,\"name\":\"Campi di Interesse\"}]},{\"@type\":\"WebSite\",\"@id\":\"https:\/\/www.drlucchina.com\/#website\",\"url\":\"https:\/\/www.drlucchina.com\/\",\"name\":\"Dr Stefano Lucchina\",\"description\":\"Medico Specializzato in Chirurgia della mano e microchirurgia ricostruttiva\",\"potentialAction\":[{\"@type\":\"SearchAction\",\"target\":{\"@type\":\"EntryPoint\",\"urlTemplate\":\"https:\/\/www.drlucchina.com\/?s={search_term_string}\"},\"query-input\":\"required name=search_term_string\"}],\"inLanguage\":\"it-IT\"}]}<\/script>\n<!-- \/ Yoast SEO plugin. -->","yoast_head_json":{"title":"Campi di Interesse - Dr Stefano Lucchina","description":"La chirurgia della mano si avvale della microchirurgia ricostruttiva come tecnica per ridare la sensibilita alle mani o per correggere la sopravvivenza di una estremit\u00e0.","robots":{"index":"index","follow":"follow","max-snippet":"max-snippet:-1","max-image-preview":"max-image-preview:large","max-video-preview":"max-video-preview:-1"},"canonical":"https:\/\/www.drlucchina.com\/fields-of-interests\/","og_locale":"it_IT","og_type":"article","og_title":"Campi di Interesse - Dr Stefano Lucchina","og_description":"La chirurgia della mano si avvale della microchirurgia ricostruttiva come tecnica per ridare la sensibilita alle mani o per correggere la sopravvivenza di una estremit\u00e0.","og_url":"https:\/\/www.drlucchina.com\/fields-of-interests\/","og_site_name":"Dr Stefano Lucchina","article_modified_time":"2017-10-10T17:19:31+00:00","og_image":[{"url":"https:\/\/www.drlucchina.com\/wp-content\/uploads\/2014\/07\/P10107313-300x225.jpg"}],"twitter_misc":{"Tempo di lettura stimato":"4 minuti"},"schema":{"@context":"https:\/\/schema.org","@graph":[{"@type":"WebPage","@id":"https:\/\/www.drlucchina.com\/fields-of-interests\/","url":"https:\/\/www.drlucchina.com\/fields-of-interests\/","name":"Campi di Interesse - Dr Stefano Lucchina","isPartOf":{"@id":"https:\/\/www.drlucchina.com\/#website"},"datePublished":"2014-07-11T10:17:05+00:00","dateModified":"2017-10-10T17:19:31+00:00","description":"La chirurgia della mano si avvale della microchirurgia ricostruttiva come tecnica per ridare la sensibilita alle mani o per correggere la sopravvivenza di una estremit\u00e0.","breadcrumb":{"@id":"https:\/\/www.drlucchina.com\/fields-of-interests\/#breadcrumb"},"inLanguage":"it-IT","potentialAction":[{"@type":"ReadAction","target":["https:\/\/www.drlucchina.com\/fields-of-interests\/"]}]},{"@type":"BreadcrumbList","@id":"https:\/\/www.drlucchina.com\/fields-of-interests\/#breadcrumb","itemListElement":[{"@type":"ListItem","position":1,"name":"Home","item":"https:\/\/www.drlucchina.com\/it\/"},{"@type":"ListItem","position":2,"name":"Campi di Interesse"}]},{"@type":"WebSite","@id":"https:\/\/www.drlucchina.com\/#website","url":"https:\/\/www.drlucchina.com\/","name":"Dr Stefano Lucchina","description":"Medico Specializzato in Chirurgia della mano e microchirurgia ricostruttiva","potentialAction":[{"@type":"SearchAction","target":{"@type":"EntryPoint","urlTemplate":"https:\/\/www.drlucchina.com\/?s={search_term_string}"},"query-input":"required name=search_term_string"}],"inLanguage":"it-IT"}]}},"_links":{"self":[{"href":"https:\/\/www.drlucchina.com\/it\/wp-json\/wp\/v2\/pages\/7"}],"collection":[{"href":"https:\/\/www.drlucchina.com\/it\/wp-json\/wp\/v2\/pages"}],"about":[{"href":"https:\/\/www.drlucchina.com\/it\/wp-json\/wp\/v2\/types\/page"}],"author":[{"embeddable":true,"href":"https:\/\/www.drlucchina.com\/it\/wp-json\/wp\/v2\/users\/1"}],"replies":[{"embeddable":true,"href":"https:\/\/www.drlucchina.com\/it\/wp-json\/wp\/v2\/comments?post=7"}],"version-history":[{"count":23,"href":"https:\/\/www.drlucchina.com\/it\/wp-json\/wp\/v2\/pages\/7\/revisions"}],"predecessor-version":[{"id":6698,"href":"https:\/\/www.drlucchina.com\/it\/wp-json\/wp\/v2\/pages\/7\/revisions\/6698"}],"wp:attachment":[{"href":"https:\/\/www.drlucchina.com\/it\/wp-json\/wp\/v2\/media?parent=7"}],"curies":[{"name":"wp","href":"https:\/\/api.w.org\/{rel}","templated":true}]}}