{"id":6573,"date":"2015-01-27T18:18:13","date_gmt":"2015-01-27T17:18:13","guid":{"rendered":"https:\/\/www.drlucchina.com\/musculoskeletal-ultrasound-2\/"},"modified":"2017-07-24T14:36:34","modified_gmt":"2017-07-24T12:36:34","slug":"ecografie-apparato-locomotore","status":"publish","type":"page","link":"https:\/\/www.drlucchina.com\/it\/ecografie-apparato-locomotore\/","title":{"rendered":"Ecografie Dell\u2019Apparato Locomotore"},"content":{"rendered":"<p><span style=\"font-weight: 400;\">Dagli anni &#8217;70 l\u2019ecografia \u00e8 un valido strumento diagnostico per la valutazione dei disturbi dell\u2019apparato muscolo-scheletrico in grado di fornire informazioni molto<\/span><b> dettagliate<\/b><span style=\"font-weight: 400;\"> e <\/span><b>rapide<\/b><span style=\"font-weight: 400;\"> per quanto riguarda le strutture clinicamente pi\u00f9 importanti quali <\/span><b>tendini, muscoli, nervi , legamenti<\/b><span style=\"font-weight: 400;\">, <\/span><b>articolazioni<\/b><span style=\"font-weight: 400;\"> ed <\/span><b>ossa<\/b><span style=\"font-weight: 400;\">.<\/span><\/p>\n<p><span style=\"font-weight: 400;\">Recentemente, vi \u00e8 stato un aumento delle richieste per estendere le applicazioni cliniche dell\u2019utilizzo delle ecografie dell\u2019apparato muscolo-scheletrico. Il miglioramento continuo della tecnologia, un\u2019ampia disponibilit\u00e0 di mezzi, nonch\u00e8 il <\/span><b>costo<\/b><span style=\"font-weight: 400;\"> relativamente <\/span><b>pi\u00f9 basso<\/b><span style=\"font-weight: 400;\"> rispetto alla TAC e alla risonanza magnetica (RMN) sono fattori che contribuiscono alla crescita dell\u2019ecografia, che sta diventando il mezzo diagnostico pi\u00f9 utilizzato nella valutazione primaria dell\u2019apparato \u00a0muscolo-scheletrico. I progressi nella tecnologia con le sonde ad alta frequenza e la buona la definizione del Color\/Power Doppler hanno agevolato il progressivo sviluppo dell&#8217;ecografia anche negli arti superiori per rilevare disturbi delle piccole strutture anatomiche ivi presenti e delle articolazioni della mano e delle dita. \u00a0L\u2019ecografia viene sempre pi\u00f9 utilizzata come estensione dell\u2019esame clinico. Al tempo stesso le abilit\u00e0 nell\u2019eseguire esami ecografici con la descrizione anatomica di una patologia \u00a0rendono la diagnosi clinica pi\u00f9 precisa, riducendo i dubbi nelle scelte terapeutiche .<\/span><\/p>\n<p><span style=\"font-weight: 400;\">Come nelle Ecografie pi\u00f9 in generale, l\u2019ecografia dell\u2019apparato muscolo-scheletrico \u00e8 altamente operatore-dipendente e l&#8217;<\/span><b>esperienza<\/b><span style=\"font-weight: 400;\"> nonch\u00e8 una formazione adeguata sono necessarie per eseguire esami utili e di alta qualit\u00e0. Attualmente, l&#8217;ecografia dell\u2019apparato muscolo-scheletrico della mano, del polso e del gomito \u00e8 offerta su una base routinaria in un numero limitato di strutture in Italia e Svizzera. La maggior parte dei programmi di formazione di radiologia convenzionale non prevedono un numero significativo di ecografie muscolo-scheletriche dell\u2019arto superiore, quindi non comprendono questa modalit\u00e0 di indagine strumentale come parte del curriculum personale.<\/span><\/p>\n<p><span style=\"font-weight: 400;\">L\u2019uso diagnostico del risultato ecografico \u00e8 notevolmente migliorata dalla conoscenza dell\u2019aspetto clinico della problematica. Tra i medici, i <\/span><b>chirurghi<\/b><span style=\"font-weight: 400;\"> hanno storicamente le migliori conoscenze di anatomia e patologia.<\/span><\/p>\n<p><span style=\"font-weight: 400;\">Le ecografie sono state per lungo tempo di dominio unico dei radiologi. Tuttavia , con i progressi tecnologici ed una ampia disponibilit\u00e0 di mezzi c&#8217;\u00e8 una crescente tendenza tra i chirurghi di varie specialit\u00e0 di integrare l\u2019ecografia nella valutazione clinica di routine. Pi\u00f9 recentemente <\/span><b>i chirurghi della mano<\/b><span style=\"font-weight: 400;\"> hanno iniziato a utilizzare l\u2019ecografia per la valutazione quantitativa e qualitativa in tempo reale delle patologie muscolo-scheletriche, diventando in Svizzera un sotto-specialit\u00e0.<\/span><\/p>\n<p><span style=\"font-weight: 400;\">I vantaggi dell&#8217;uso dell\u2019ecografia sono molteplici: rappresenta il metodo pi\u00f9 pratico e rapido di ottenere immagini del sistema muscolo-scheletrico. Essa pu\u00f2 essere eseguita facilmente nello studio\/clinica, con la valutazione di molteplici articolazioni nello stesso momento, fornendo una risposta \u00a0\u201cin un colpo solo\u201d a molti problemi. Questa tecnologia relativamente poco costosa, con il vantaggio di essere mobile ed in tempo reale offre diversi vantaggi al clinico. Essendo <\/span><b>non invasiva<\/b><span style=\"font-weight: 400;\">, con un tempo di scansione rapida e senza l\u2019utilizzo di radiazioni e\u2019 inoltre sempre ben accetta dai pazienti. Permette l&#8217;esame della parte opposta e non pone limitazioni dovute ad artefatti in metallo, che pu\u00f2 essere problematico in corso di risonanza magnetica (RMN). La possibilit\u00e0 di visualizzare aghi e organi-bersaglio in tempo reale lo rende uno strumento ideale per le procedure di orientamento utilizzate nella diagnosi e nella terapia.<\/span><\/p>\n<p><span style=\"font-weight: 400;\">L\u2019ecografia eseguita dal medico offre un&#8217;eccellente opportunit\u00e0 per l&#8217;<\/span><b>informazione<\/b><span style=\"font-weight: 400;\"> e l\u2019<\/span><b>educazione<\/b><span style=\"font-weight: 400;\"> del paziente e per giustificare l\u2019indicazione alle terapie. Con l&#8217;aumento di esperienza l&#8217;esaminatore \u00e8 in grado di eseguire un esame mirato che fornisce risposte immediate a qualsiasi problema clinico.<\/span><\/p>\n<p><span style=\"font-weight: 400;\">Nel dettaglio, le ecografie sono utili per individuare le cause pi\u00f9 comuni di dolori alle mani nelle persone normali e negli sportivi.<\/span><\/p>\n<p><span style=\"font-weight: 400;\">La sindrome del tunnel carpale, il dito a scatto, le tenosinoviti, le piccole fratture , il gomito del tennista (epicondilite), le tendini, l\u2019osteoartrosi, le rotture di legamenti e tendini sono tra le condizioni pi\u00f9 comuni diagnosticate da un esame ecografico con sonde ad alta frequenza. Dopo una formazione della durata di tre anni, nel 2014 il Dr.Lucchina ha ottenuto il titolo svizzero di specialista in ecografie dell\u2019apparato muscolo-scheletrico applicando il concetto di &#8221; tutto in uno&#8221;. Una rapida e corretta diagnosi da parte di uno specialista \u00a0porta ad una terapia chirurgica rapida , seguita da un protocollo post-operatorio secondo lo stato dell\u2019arte con un migliore risultato clinico finale.<\/span><\/p>\n<br \/>\n","protected":false},"excerpt":{"rendered":"<p>Dagli anni &#8217;70 l\u2019ecografia \u00e8 un valido strumento diagnostico per la valutazione dei disturbi dell\u2019apparato muscolo-scheletrico in grado di fornire informazioni molto dettagliate e rapide per quanto riguarda le strutture clinicamente pi\u00f9 importanti quali tendini, muscoli, nervi , legamenti, articolazioni ed ossa. Recentemente, vi \u00e8 stato un aumento delle richieste per estendere le applicazioni cliniche&#8230;<\/p>\n","protected":false},"author":3,"featured_media":0,"parent":0,"menu_order":0,"comment_status":"closed","ping_status":"open","template":"","meta":{"footnotes":""},"yoast_head":"<!-- This site is optimized with the Yoast SEO plugin v21.0 - https:\/\/yoast.com\/wordpress\/plugins\/seo\/ -->\n<title>Musculosketal ultrasound<\/title>\n<meta name=\"description\" content=\"Musculoskeletal Ultrasound is a powerful diagnostic tool for the imaging evaluation of musculoskeletal disorders providing highly detailed and fast ...\" \/>\n<meta name=\"robots\" content=\"index, follow, max-snippet:-1, max-image-preview:large, max-video-preview:-1\" \/>\n<link rel=\"canonical\" href=\"https:\/\/www.drlucchina.com\/it\/ecografie-apparato-locomotore\/\" \/>\n<meta property=\"og:locale\" content=\"it_IT\" \/>\n<meta property=\"og:type\" content=\"article\" \/>\n<meta property=\"og:title\" content=\"Musculosketal ultrasound\" \/>\n<meta property=\"og:description\" content=\"Musculoskeletal Ultrasound is a powerful diagnostic tool for the imaging evaluation of musculoskeletal disorders providing highly detailed and fast ...\" \/>\n<meta property=\"og:url\" content=\"https:\/\/www.drlucchina.com\/it\/ecografie-apparato-locomotore\/\" \/>\n<meta property=\"og:site_name\" content=\"Dr Stefano Lucchina\" \/>\n<meta property=\"article:modified_time\" content=\"2017-07-24T12:36:34+00:00\" \/>\n<meta name=\"twitter:label1\" content=\"Tempo di lettura stimato\" \/>\n\t<meta name=\"twitter:data1\" content=\"3 minuti\" \/>\n<script type=\"application\/ld+json\" class=\"yoast-schema-graph\">{\"@context\":\"https:\/\/schema.org\",\"@graph\":[{\"@type\":\"WebPage\",\"@id\":\"https:\/\/www.drlucchina.com\/it\/ecografie-apparato-locomotore\/\",\"url\":\"https:\/\/www.drlucchina.com\/it\/ecografie-apparato-locomotore\/\",\"name\":\"Musculosketal ultrasound\",\"isPartOf\":{\"@id\":\"https:\/\/www.drlucchina.com\/#website\"},\"datePublished\":\"2015-01-27T17:18:13+00:00\",\"dateModified\":\"2017-07-24T12:36:34+00:00\",\"description\":\"Musculoskeletal Ultrasound is a powerful diagnostic tool for the imaging evaluation of musculoskeletal disorders providing highly detailed and fast ...\",\"breadcrumb\":{\"@id\":\"https:\/\/www.drlucchina.com\/it\/ecografie-apparato-locomotore\/#breadcrumb\"},\"inLanguage\":\"it-IT\",\"potentialAction\":[{\"@type\":\"ReadAction\",\"target\":[\"https:\/\/www.drlucchina.com\/it\/ecografie-apparato-locomotore\/\"]}]},{\"@type\":\"BreadcrumbList\",\"@id\":\"https:\/\/www.drlucchina.com\/it\/ecografie-apparato-locomotore\/#breadcrumb\",\"itemListElement\":[{\"@type\":\"ListItem\",\"position\":1,\"name\":\"Home\",\"item\":\"https:\/\/www.drlucchina.com\/it\/\"},{\"@type\":\"ListItem\",\"position\":2,\"name\":\"Ecografie Dell\u2019Apparato Locomotore\"}]},{\"@type\":\"WebSite\",\"@id\":\"https:\/\/www.drlucchina.com\/#website\",\"url\":\"https:\/\/www.drlucchina.com\/\",\"name\":\"Dr Stefano Lucchina\",\"description\":\"Medico Specializzato in Chirurgia della mano e microchirurgia ricostruttiva\",\"potentialAction\":[{\"@type\":\"SearchAction\",\"target\":{\"@type\":\"EntryPoint\",\"urlTemplate\":\"https:\/\/www.drlucchina.com\/?s={search_term_string}\"},\"query-input\":\"required name=search_term_string\"}],\"inLanguage\":\"it-IT\"}]}<\/script>\n<!-- \/ Yoast SEO plugin. -->","yoast_head_json":{"title":"Musculosketal ultrasound","description":"Musculoskeletal Ultrasound is a powerful diagnostic tool for the imaging evaluation of musculoskeletal disorders providing highly detailed and fast ...","robots":{"index":"index","follow":"follow","max-snippet":"max-snippet:-1","max-image-preview":"max-image-preview:large","max-video-preview":"max-video-preview:-1"},"canonical":"https:\/\/www.drlucchina.com\/it\/ecografie-apparato-locomotore\/","og_locale":"it_IT","og_type":"article","og_title":"Musculosketal ultrasound","og_description":"Musculoskeletal Ultrasound is a powerful diagnostic tool for the imaging evaluation of musculoskeletal disorders providing highly detailed and fast ...","og_url":"https:\/\/www.drlucchina.com\/it\/ecografie-apparato-locomotore\/","og_site_name":"Dr Stefano Lucchina","article_modified_time":"2017-07-24T12:36:34+00:00","twitter_misc":{"Tempo di lettura stimato":"3 minuti"},"schema":{"@context":"https:\/\/schema.org","@graph":[{"@type":"WebPage","@id":"https:\/\/www.drlucchina.com\/it\/ecografie-apparato-locomotore\/","url":"https:\/\/www.drlucchina.com\/it\/ecografie-apparato-locomotore\/","name":"Musculosketal ultrasound","isPartOf":{"@id":"https:\/\/www.drlucchina.com\/#website"},"datePublished":"2015-01-27T17:18:13+00:00","dateModified":"2017-07-24T12:36:34+00:00","description":"Musculoskeletal Ultrasound is a powerful diagnostic tool for the imaging evaluation of musculoskeletal disorders providing highly detailed and fast ...","breadcrumb":{"@id":"https:\/\/www.drlucchina.com\/it\/ecografie-apparato-locomotore\/#breadcrumb"},"inLanguage":"it-IT","potentialAction":[{"@type":"ReadAction","target":["https:\/\/www.drlucchina.com\/it\/ecografie-apparato-locomotore\/"]}]},{"@type":"BreadcrumbList","@id":"https:\/\/www.drlucchina.com\/it\/ecografie-apparato-locomotore\/#breadcrumb","itemListElement":[{"@type":"ListItem","position":1,"name":"Home","item":"https:\/\/www.drlucchina.com\/it\/"},{"@type":"ListItem","position":2,"name":"Ecografie Dell\u2019Apparato Locomotore"}]},{"@type":"WebSite","@id":"https:\/\/www.drlucchina.com\/#website","url":"https:\/\/www.drlucchina.com\/","name":"Dr Stefano Lucchina","description":"Medico Specializzato in Chirurgia della mano e microchirurgia ricostruttiva","potentialAction":[{"@type":"SearchAction","target":{"@type":"EntryPoint","urlTemplate":"https:\/\/www.drlucchina.com\/?s={search_term_string}"},"query-input":"required name=search_term_string"}],"inLanguage":"it-IT"}]}},"_links":{"self":[{"href":"https:\/\/www.drlucchina.com\/it\/wp-json\/wp\/v2\/pages\/6573"}],"collection":[{"href":"https:\/\/www.drlucchina.com\/it\/wp-json\/wp\/v2\/pages"}],"about":[{"href":"https:\/\/www.drlucchina.com\/it\/wp-json\/wp\/v2\/types\/page"}],"author":[{"embeddable":true,"href":"https:\/\/www.drlucchina.com\/it\/wp-json\/wp\/v2\/users\/3"}],"replies":[{"embeddable":true,"href":"https:\/\/www.drlucchina.com\/it\/wp-json\/wp\/v2\/comments?post=6573"}],"version-history":[{"count":4,"href":"https:\/\/www.drlucchina.com\/it\/wp-json\/wp\/v2\/pages\/6573\/revisions"}],"predecessor-version":[{"id":6669,"href":"https:\/\/www.drlucchina.com\/it\/wp-json\/wp\/v2\/pages\/6573\/revisions\/6669"}],"wp:attachment":[{"href":"https:\/\/www.drlucchina.com\/it\/wp-json\/wp\/v2\/media?parent=6573"}],"curies":[{"name":"wp","href":"https:\/\/api.w.org\/{rel}","templated":true}]}}