{"id":6173,"date":"2014-07-25T16:10:00","date_gmt":"2014-07-25T14:10:00","guid":{"rendered":"https:\/\/www.drlucchina.com\/?page_id=6173"},"modified":"2017-07-24T14:28:50","modified_gmt":"2017-07-24T12:28:50","slug":"microchirurgia-e-trattamenti-estetici","status":"publish","type":"page","link":"https:\/\/www.drlucchina.com\/it\/microchirurgia-e-trattamenti-estetici\/","title":{"rendered":"Microchirurgia e Trattamenti Estetici"},"content":{"rendered":"<h1><strong><a href=\"https:\/\/www.drlucchina.com\/wp-content\/uploads\/2014\/07\/stefano-sala-operatoria.jpg\" data-rel=\"lightbox-image-0\" data-rl_title=\"\" data-rl_caption=\"\" title=\"\"><img loading=\"lazy\" decoding=\"async\" class=\"alignleft size-medium wp-image-6206\" src=\"https:\/\/www.drlucchina.com\/wp-content\/uploads\/2014\/07\/stefano-sala-operatoria-199x300.jpg\" alt=\"Sterfano-surgery-room\" width=\"199\" height=\"300\" srcset=\"https:\/\/www.drlucchina.com\/wp-content\/uploads\/2014\/07\/stefano-sala-operatoria-199x300.jpg 199w, https:\/\/www.drlucchina.com\/wp-content\/uploads\/2014\/07\/stefano-sala-operatoria-681x1024.jpg 681w, https:\/\/www.drlucchina.com\/wp-content\/uploads\/2014\/07\/stefano-sala-operatoria-710x1066.jpg 710w, https:\/\/www.drlucchina.com\/wp-content\/uploads\/2014\/07\/stefano-sala-operatoria.jpg 800w\" sizes=\"(max-width: 199px) 100vw, 199px\" \/><\/a>INTERVENTI DI MICROCHIRURGIA<\/strong><\/h1>\n<p>Ricordo ad un convegno a Philadelphia una celebre frase di un noto collega di Cincinnati \u201cA day with microsurgery is a day with a sunshine\u201d (un giorno con un intervento di microchirurgia \u00e8 un giorno con la luce del sole).<br \/>\nQuando una patologia si pu\u00f2 risolvere con un intervento in microchirurgia \u00e8 un bel giorno, perch\u00e9 ci saranno dei vantaggi notevoli per il paziente:<\/p>\n<p>&#8211; Il mantenimento dell\u2019 immagine corporea con la riduzione drastica di amputazioni delle estremita\u2019<br \/>\n&#8211; La possibilit\u00e0 di ricostruire piccole strutture con alta probabilita\u2019 di successo quali vasi, nervi o vasi deferenti alla perfezione ridando sensibilit\u00e0 alle estremita\u2019 rispettivamente permettendo l\u2019arrivo di sangue\/liquidi biologici ad una estremit\u00e0 transitoriamente ischemica o esclusa.<\/p>\n<p>&#8211; La possibilit\u00e0 inoltre di coprire grosse perdite di sostanza trasferendo tessuti compositi ( lembi) da una sede all\u2019altra del corpo. Tutto cio\u2019 avviene grazie a tecniche microchirurgiche evitando dolorose amputazioni con risultati estetici e problemi psicologici importanti.<\/p>\n<h2>VASO-VASOSTOMIA<\/h2>\n<p>La vasectomia e\u2019 considerato un sistema di contraccezione permanente. La vasectomia e\u2019 una procedura chirurgica in cui il vaso deferente e\u2019 sezionato con l\u2019obiettivo di produrre una sterilita\u2019. La vaso-vasostomia rida\u2019 la fertilita\u2019 <a href=\"https:\/\/www.drlucchina.com\/wp-content\/uploads\/2014\/07\/newborn.jpg\" data-rel=\"lightbox-image-1\" data-rl_title=\"\" data-rl_caption=\"\" title=\"\"><img loading=\"lazy\" decoding=\"async\" class=\"alignright wp-image-6218 size-medium\" src=\"https:\/\/www.drlucchina.com\/wp-content\/uploads\/2014\/07\/newborn-300x300.jpg\" alt=\"newborn\" width=\"300\" height=\"300\" srcset=\"https:\/\/www.drlucchina.com\/wp-content\/uploads\/2014\/07\/newborn-300x300.jpg 300w, https:\/\/www.drlucchina.com\/wp-content\/uploads\/2014\/07\/newborn-150x150.jpg 150w, https:\/\/www.drlucchina.com\/wp-content\/uploads\/2014\/07\/newborn-45x45.jpg 45w, https:\/\/www.drlucchina.com\/wp-content\/uploads\/2014\/07\/newborn.jpg 600w\" sizes=\"(max-width: 300px) 100vw, 300px\" \/><\/a>riconnettendo i capi del vaso deferente all\u2019epididimo, il piccolo organo sul retro del testicolo dove lo sperma matura. Queste procedure, eseguite con tecnica microrchirurgica, ristabiliscono il nuovo passaggio dello sperma durante una eiaculazione all\u2019esterno dell\u2019uretra.<\/p>\n<p>Ci sono diversi motivi per tornare indietro da una vasectomia, quali un nuovo matrimonio dopo un divorzio, una separazione o dopo essere rimasti vedovi o aver perso un bambino. Qualunque sia la causa esistono metodi all\u2019avanguardia per ridare la fertilita\u2019.<\/p>\n<p>L\u2019intervento di vaso-vasostomia e\u2019 di solito una procedura ambulatoriale che richiede una fine tecnica microchirurgica e un training particolare. Nel mio caso la Microsearch Foundation of Australia a Sydney e\u2019 stato il bellissimo luogo del mio training. L\u2019anestesia spinale o generale e\u2019 di solito usata per garantire una perfetto rilassamento durante l\u2019intervento.<\/p>\n<p>Le chance di successo dipendono da quanto tempo e\u2019 passato dall\u2019intervento di vasectomia. Col tempo blocchi meccanici ulteriori si possono formare e taluni uomini possono formare anticorpi contro il proprio medesimo sperma. Questa chirurgia e\u2019 pi\u00f9 complicata e richiede piu\u2019 tempo (vaso-epididismostomia).<\/p>\n<p>L\u2019intervento dura abitualmente circa 90\/120 minuti, seguito da alcune ore per il recupero dall\u2019anestesia. Un approccio microchirugico \u00e8 raccomandato e si basa sull\u2019uso di un microscopio che amplifica la capacita\u2019 di ingrandimento ottico da 5 a 40 volte. L\u2019uso di un microscopio fornisce migliori risultati, perche\u2019 permette al chirurgo di usare finissimi fili di sutura, (del diametro piu\u2019 fine di un capello o di una ciglia) per unire i capi opposti del vaso deferente. Quando e\u2019 usata la microchirurgia, la vaso-vasostomia porta alla presenza di sperma nel liquido seminale in piu\u2019 del 90% dei pazienti. Noi prestiamo particolare attenzione al dolore post-operatorio cosi\u2019 risulta lieve e abitualmente ben tollerato. Di solito si suggerisce un riposo per 2-3 giorni e le attivita\u2019 della vita quotidiana inclusi i rapporti sessuali si possono riprendere in 3 settimane.<\/p>\n<p>Le chance di successo dell\u2019intervento si riducono col tempo.<\/p>\n<p>Il medico richiede un\u2019analisi del liquido seminale a partire da 2\/3 mesi dopo l\u2019intervento finche\u2019 il numero di spermatozoi si stabilizza o si verifica la gravidanza. A meno che non avvenga una gravidanza, la conta degli spermatozoi e\u2019 l\u2019unico modo per determinare un successo chirurgico. Mentre lo sperma generalmente appare nel liquido seminale entro alcuni mesi dopo la vaso-vasostomia, si possono impiegare fino a 15 mesi dopo una vaso-epididomostomia. Con gli interventi si ottengono maggiori successi durante i primi 10 anni, ma in particolare nei primi tre anni la chance e\u2019 massima. Le statistiche parlano di una percentuale di successo di gravidanza dopo tali interventi maggiore del 50% nei primi 10 anni ma che scende a solo il 30% con intervento eseguito al 10o anno.<\/p>\n<p>Occorre un anno in media per avere una gravidanza dopo tali interventi, con una grossa variabilita\u2019 che va da mesi a diversi anni.<\/p>\n<p>Prima che si esegua tale procedura il medico deve accertarsi della fertilit\u00e0 antecedente l\u2019intervento di vasectomia. Si possono fare tests per valutare se esistono anticorpi verso lo sperma prima e dopo tali interventi. Se vi sono tali anticorpi dopo l\u2019intervento e\u2019 molto improbabile che la partner abbia una gravidanza. In tal caso occorre provare una fertilizzazione in vitro con l\u2019iniezione intracitoplasmatica dello sperma.<\/p>\n<br \/>\n<h2>IPERIDROSI<\/h2>\n<br \/>\n<p>L\u2019iperidrosi \u00e8 una condizione caratterizzata da un\u2019aumentata produzione di sudore rispetto alla quantit\u00e0 utile a mantenere un\u2019adeguata temperatura corporea.<\/p>\n<p><a href=\"https:\/\/www.drlucchina.com\/wp-content\/uploads\/2014\/07\/Iperidrosi-mani.jpg\" data-rel=\"lightbox-image-2\" data-rl_title=\"\" data-rl_caption=\"\" title=\"\"><img loading=\"lazy\" decoding=\"async\" class=\"alignleft size-medium wp-image-6220\" src=\"https:\/\/www.drlucchina.com\/wp-content\/uploads\/2014\/07\/Iperidrosi-mani-300x300.jpg\" alt=\"iperidrosi\" width=\"300\" height=\"300\" srcset=\"https:\/\/www.drlucchina.com\/wp-content\/uploads\/2014\/07\/Iperidrosi-mani-300x300.jpg 300w, https:\/\/www.drlucchina.com\/wp-content\/uploads\/2014\/07\/Iperidrosi-mani-150x150.jpg 150w, https:\/\/www.drlucchina.com\/wp-content\/uploads\/2014\/07\/Iperidrosi-mani-45x45.jpg 45w, https:\/\/www.drlucchina.com\/wp-content\/uploads\/2014\/07\/Iperidrosi-mani.jpg 312w\" sizes=\"(max-width: 300px) 100vw, 300px\" \/><\/a>Tra le forme di iperidrosi localizzate quella primaria e\u2019 peggiorata dallo stress emotivo-emozionale e\/o stimoli termici.<\/p>\n<p>Gia&#8217; evidente durante l\u2019infanzia o nell\u2019adolescenza, raggiungendo un picco massimo intorno ai 30-40 anni.<\/p>\n<p>Causa spesso imbarazzo ed una notevole difficolt\u00e0 durante la professione, nonch\u00e9 perdita dell\u2019autostima, e sebbene possa coinvolgere tutte le superfici corporee, una delle regioni maggiormente interessate e\u2019 la sede palmare delle mani.<\/p>\n<p>Nel tempo sono stati proposti doversi trattamenti come l\u2019omeopatia, massaggi, agopuntura e fisioterapia ma con scarso beneficio.<\/p>\n<p>Di recente \u00e8 stato suggerito il trattamento della tossina botulinica di tipo A che secondo i dati della letteratura, risulta senz\u2019altro un trattamento efficace all\u2019iperidrosi focale.<\/p>\n<p>La tossina botulinica \u00e8 un\u2019endopeptidasi zinco-dipendente che agisce nel bloccare il rilascio di acetilcolina al livello delle sinapsi parasimpatiche postgangliari; tutto ci\u00f2 si traduce in una drastica riduzione della produzione del sudore.<\/p>\n<p>L\u2019effetto della tossina botulinica, initettata in alcuni punti particolari del palmo delle mani, \u00e8 transitorio ed ha una durata di circa 6 mesi rappresentando una facile e sicura soluzione all\u2019iperidrosi con un miglioramento della qualit\u00e0 di vita e di relazione.<\/p>\n","protected":false},"excerpt":{"rendered":"<p>INTERVENTI DI MICROCHIRURGIA Ricordo ad un convegno a Philadelphia una celebre frase di un noto collega di Cincinnati \u201cA day with microsurgery is a day with a sunshine\u201d (un giorno con un intervento di microchirurgia \u00e8 un giorno con la luce del sole). Quando una patologia si pu\u00f2 risolvere con un intervento in microchirurgia \u00e8&#8230;<\/p>\n","protected":false},"author":1,"featured_media":0,"parent":0,"menu_order":0,"comment_status":"closed","ping_status":"open","template":"","meta":{"footnotes":""},"yoast_head":"<!-- This site is optimized with the Yoast SEO plugin v21.0 - https:\/\/yoast.com\/wordpress\/plugins\/seo\/ -->\n<title>Microchirurgia e Trattamenti Estetici - Dr Stefano Lucchina<\/title>\n<meta name=\"robots\" content=\"index, follow, max-snippet:-1, max-image-preview:large, max-video-preview:-1\" \/>\n<link rel=\"canonical\" href=\"https:\/\/www.drlucchina.com\/microsurgery-and-testhetic-treatments\/\" \/>\n<meta property=\"og:locale\" content=\"it_IT\" \/>\n<meta property=\"og:type\" content=\"article\" \/>\n<meta property=\"og:title\" content=\"Microchirurgia e Trattamenti Estetici - Dr Stefano Lucchina\" \/>\n<meta property=\"og:description\" content=\"INTERVENTI DI MICROCHIRURGIA Ricordo ad un convegno a Philadelphia una celebre frase di un noto collega di Cincinnati \u201cA day with microsurgery is a day with a sunshine\u201d (un giorno con un intervento di microchirurgia \u00e8 un giorno con la luce del sole). Quando una patologia si pu\u00f2 risolvere con un intervento in microchirurgia \u00e8...\" \/>\n<meta property=\"og:url\" content=\"https:\/\/www.drlucchina.com\/microsurgery-and-testhetic-treatments\/\" \/>\n<meta property=\"og:site_name\" content=\"Dr Stefano Lucchina\" \/>\n<meta property=\"article:modified_time\" content=\"2017-07-24T12:28:50+00:00\" \/>\n<meta property=\"og:image\" content=\"https:\/\/www.drlucchina.com\/wp-content\/uploads\/2014\/07\/stefano-sala-operatoria-199x300.jpg\" \/>\n<meta name=\"twitter:label1\" content=\"Tempo di lettura stimato\" \/>\n\t<meta name=\"twitter:data1\" content=\"5 minuti\" \/>\n<script type=\"application\/ld+json\" class=\"yoast-schema-graph\">{\"@context\":\"https:\/\/schema.org\",\"@graph\":[{\"@type\":\"WebPage\",\"@id\":\"https:\/\/www.drlucchina.com\/microsurgery-and-testhetic-treatments\/\",\"url\":\"https:\/\/www.drlucchina.com\/microsurgery-and-testhetic-treatments\/\",\"name\":\"Microchirurgia e Trattamenti Estetici - Dr Stefano Lucchina\",\"isPartOf\":{\"@id\":\"https:\/\/www.drlucchina.com\/#website\"},\"datePublished\":\"2014-07-25T14:10:00+00:00\",\"dateModified\":\"2017-07-24T12:28:50+00:00\",\"breadcrumb\":{\"@id\":\"https:\/\/www.drlucchina.com\/microsurgery-and-testhetic-treatments\/#breadcrumb\"},\"inLanguage\":\"it-IT\",\"potentialAction\":[{\"@type\":\"ReadAction\",\"target\":[\"https:\/\/www.drlucchina.com\/microsurgery-and-testhetic-treatments\/\"]}]},{\"@type\":\"BreadcrumbList\",\"@id\":\"https:\/\/www.drlucchina.com\/microsurgery-and-testhetic-treatments\/#breadcrumb\",\"itemListElement\":[{\"@type\":\"ListItem\",\"position\":1,\"name\":\"Home\",\"item\":\"https:\/\/www.drlucchina.com\/it\/\"},{\"@type\":\"ListItem\",\"position\":2,\"name\":\"Microchirurgia e Trattamenti Estetici\"}]},{\"@type\":\"WebSite\",\"@id\":\"https:\/\/www.drlucchina.com\/#website\",\"url\":\"https:\/\/www.drlucchina.com\/\",\"name\":\"Dr Stefano Lucchina\",\"description\":\"Medico Specializzato in Chirurgia della mano e microchirurgia ricostruttiva\",\"potentialAction\":[{\"@type\":\"SearchAction\",\"target\":{\"@type\":\"EntryPoint\",\"urlTemplate\":\"https:\/\/www.drlucchina.com\/?s={search_term_string}\"},\"query-input\":\"required name=search_term_string\"}],\"inLanguage\":\"it-IT\"}]}<\/script>\n<!-- \/ Yoast SEO plugin. -->","yoast_head_json":{"title":"Microchirurgia e Trattamenti Estetici - Dr Stefano Lucchina","robots":{"index":"index","follow":"follow","max-snippet":"max-snippet:-1","max-image-preview":"max-image-preview:large","max-video-preview":"max-video-preview:-1"},"canonical":"https:\/\/www.drlucchina.com\/microsurgery-and-testhetic-treatments\/","og_locale":"it_IT","og_type":"article","og_title":"Microchirurgia e Trattamenti Estetici - Dr Stefano Lucchina","og_description":"INTERVENTI DI MICROCHIRURGIA Ricordo ad un convegno a Philadelphia una celebre frase di un noto collega di Cincinnati \u201cA day with microsurgery is a day with a sunshine\u201d (un giorno con un intervento di microchirurgia \u00e8 un giorno con la luce del sole). Quando una patologia si pu\u00f2 risolvere con un intervento in microchirurgia \u00e8...","og_url":"https:\/\/www.drlucchina.com\/microsurgery-and-testhetic-treatments\/","og_site_name":"Dr Stefano Lucchina","article_modified_time":"2017-07-24T12:28:50+00:00","og_image":[{"url":"https:\/\/www.drlucchina.com\/wp-content\/uploads\/2014\/07\/stefano-sala-operatoria-199x300.jpg"}],"twitter_misc":{"Tempo di lettura stimato":"5 minuti"},"schema":{"@context":"https:\/\/schema.org","@graph":[{"@type":"WebPage","@id":"https:\/\/www.drlucchina.com\/microsurgery-and-testhetic-treatments\/","url":"https:\/\/www.drlucchina.com\/microsurgery-and-testhetic-treatments\/","name":"Microchirurgia e Trattamenti Estetici - Dr Stefano Lucchina","isPartOf":{"@id":"https:\/\/www.drlucchina.com\/#website"},"datePublished":"2014-07-25T14:10:00+00:00","dateModified":"2017-07-24T12:28:50+00:00","breadcrumb":{"@id":"https:\/\/www.drlucchina.com\/microsurgery-and-testhetic-treatments\/#breadcrumb"},"inLanguage":"it-IT","potentialAction":[{"@type":"ReadAction","target":["https:\/\/www.drlucchina.com\/microsurgery-and-testhetic-treatments\/"]}]},{"@type":"BreadcrumbList","@id":"https:\/\/www.drlucchina.com\/microsurgery-and-testhetic-treatments\/#breadcrumb","itemListElement":[{"@type":"ListItem","position":1,"name":"Home","item":"https:\/\/www.drlucchina.com\/it\/"},{"@type":"ListItem","position":2,"name":"Microchirurgia e Trattamenti Estetici"}]},{"@type":"WebSite","@id":"https:\/\/www.drlucchina.com\/#website","url":"https:\/\/www.drlucchina.com\/","name":"Dr Stefano Lucchina","description":"Medico Specializzato in Chirurgia della mano e microchirurgia ricostruttiva","potentialAction":[{"@type":"SearchAction","target":{"@type":"EntryPoint","urlTemplate":"https:\/\/www.drlucchina.com\/?s={search_term_string}"},"query-input":"required name=search_term_string"}],"inLanguage":"it-IT"}]}},"_links":{"self":[{"href":"https:\/\/www.drlucchina.com\/it\/wp-json\/wp\/v2\/pages\/6173"}],"collection":[{"href":"https:\/\/www.drlucchina.com\/it\/wp-json\/wp\/v2\/pages"}],"about":[{"href":"https:\/\/www.drlucchina.com\/it\/wp-json\/wp\/v2\/types\/page"}],"author":[{"embeddable":true,"href":"https:\/\/www.drlucchina.com\/it\/wp-json\/wp\/v2\/users\/1"}],"replies":[{"embeddable":true,"href":"https:\/\/www.drlucchina.com\/it\/wp-json\/wp\/v2\/comments?post=6173"}],"version-history":[{"count":8,"href":"https:\/\/www.drlucchina.com\/it\/wp-json\/wp\/v2\/pages\/6173\/revisions"}],"predecessor-version":[{"id":6667,"href":"https:\/\/www.drlucchina.com\/it\/wp-json\/wp\/v2\/pages\/6173\/revisions\/6667"}],"wp:attachment":[{"href":"https:\/\/www.drlucchina.com\/it\/wp-json\/wp\/v2\/media?parent=6173"}],"curies":[{"name":"wp","href":"https:\/\/api.w.org\/{rel}","templated":true}]}}