{"id":17,"date":"2014-07-11T12:18:12","date_gmt":"2014-07-11T10:18:12","guid":{"rendered":"https:\/\/www.drlucchina.com\/?page_id=17"},"modified":"2014-07-12T18:51:29","modified_gmt":"2014-07-12T16:51:29","slug":"faq","status":"publish","type":"page","link":"https:\/\/www.drlucchina.com\/it\/faq\/","title":{"rendered":"Faqs"},"content":{"rendered":"<p><strong><em>1) Da quanto esercita come chirurgo della mano e microchirurgo?<\/em><\/strong><\/p>\n<p>Il Dr. Lucchina esercita come specialista in chirurgia ortopedica dal 2004. Dopo l\u2019ottenimento del titolo di specialista ha iniziato la carriera ospedaliera in qualit\u00e0 di capo clinica nel 2005 quindi come capo servizio responsabile per la chirurgia della mano dal 2006. Nel 2006 ottiene il titolo di specialista europeo per la chirurgia della mano (European Board for Hand Surgery). Dal 2011 ottiene il titolo di specialista svizzero (FMH) per la chirurgia della mano.<\/p>\n<p><strong><em>2) Possono la sindrome del tunnel carpale e la compressione del nervo ulnare al gomito risolversi con delle terapie non chirurgiche o mini-invasive?<\/em><\/strong><\/p>\n<p>Il dolore severo risultante dall\u2019infiammazione dei tendini nelle neuropatie da compressione possono essere alleviate da terapie fisiche, praticate dai fisioterapisti, o con medicamenti su prescrizione medica, incluso le infiltrazioni di steroidi al polso. Comunque le vere compressioni nervose che sono confermate da esami elettrofisiologici (elettromiografia) spesso richiedono il trattamento chirurgico che pu\u00f2 essere eseguito con tecniche innovative mini-invasive, ovvero con l\u2019utilizzo di strumenti endoscopici che rendono le incisioni chirurgiche piu\u2018 piccole ed il recupero postoperatorio piu\u2018 rapido a fini sportivi o lavorativi.<\/p>\n<p><strong><em>3) Posso avere un intervento chirurgico in contemporanea ad entrambe le mani?<\/em><\/strong><\/p>\n<p>Questo pu\u00f2 essere fatto con il release endoscopico del tunnel carpale o per incidenti traumatici ad entrambe le mani che richiedono un trattamento urgente. Comunque nella maggior parte della chirurgia elettiva \u00e8 meglio programmare un intervento in un lato almeno dopo 4-6 settimane dal controlaterale che permette al paziente di avere una mano libera senza bendaggi e con una buona forza di presa man mano che la funzione complessiva migliora. Occasionalmente la chirurgia bilaterale per la sindr. del tunnel carpale \u00e8 eseguita quando un paziente viene da molto lontano e il paz. vive a grande distanza e una seconda visita sarebbe difficile.<\/p>\n<p><strong><em>4) Quale e\u2019 il tempo di recupero nella maggior parte delle procedure chirurgiche alla mano?<\/em><\/strong><\/p>\n<p>La chirurgia della mano pu\u00f2 coinvolgere procedure semplici come la sindrome del tunnel carpale o l\u2019asportazione di corpi estranei che da subito permettono un utilizzo senza limitazioni della mano o procedure pi\u00f9 complicate come la chirurgia dei tendini e dei nervi che richiedono fino ad 1 anno per un pieno recupero della funzione.<\/p>\n<p><strong><em>5) Tutti gli interventi chirurgici richiedono un\u2019anestesia generale?<\/em><\/strong><\/p>\n<p>Raramente la chirurgia della mano e dell\u2019arto superiore richiedono un\u2019anestesia generale. Il Dr.Vitale, responsabile dell\u2019anestesia per i pazienti del CNA, \u00e8 specialista nelle anestesie locali e loco-regionali. Questo significa che durante l\u2019operazione non si sente assolutamente dolore e una eventuale sedazione endovenosa aiuta a rilassarsi o a dormire per breve tempo secondo desiderio. Inoltre le procedure maggiori sono fatte con cateteri in pompa cos\u00ec il paziente pu\u00f2 andare a casa o in hotel con un quasi completo blocco del dolore per diversi giorni dopo l\u2019intervento in Day Hospital<\/p>\n<p><strong><em>6) Quale e\u2018 la differenza tra un chirurgo ortopedico e un chirurgo della mano?<\/em><\/strong><\/p>\n<p>Un chirurgo ortopedico si specializza nel trattamento medico e chirurgico dell\u2019apparato muscolo-scheletrico. Questo include il trattamento delle affezioni di tutte le ossa, tendini, muscoli e articolazioni. Il chirurgo della mano nei paesi Europei dove \u00e8 stata riconosciuta come sottospecialit\u00e0 o specialit\u00e0 primaria a s\u00e8 stante ed in Svizzera opera unicamente affezioni della mano e\/o dell\u2019arto superiore dopo aver frequentato un centro di formazione universitaria per 3 o 4 anni, aver completato un catalogo operatorio iperspecialistico e sostenuto un esame finale. Il Dr.Lucchina dopo aver terminato la formazione ortopedica generale ha completato l\u2019iter formativo specialistico per la chirurgia della mano e microchirurgia ricostruttiva in Italia, in Spagna, negli USA e in Svizzera, dedicandosi quindi unicamente a questo distretto corporeo.<\/p>\n<p><strong><em>7) Serve la terapia della mano dopo gli interventi eseguiti?<\/em><\/strong><\/p>\n<p>La maggior parte delle procedure chirurgiche richiede una fisio-ergoterapia post-operatoria. Il recupero della mobilit\u00e0 articolare e della forza di presa della mano\/arto superiore richiede un lungo periodo di tempo. Il risultato finale dipende al 505 dalla bravura del chirurgo e al 50% dalla partecipazione del paziente e del terapista al programma riabilitataivo. Il Dr.Lucchina collabora con eccellenti terapisti, i pi\u00f9 bravi sul territorio, per garantire il massimo risultato nel minor tempo possibile.<\/p>\n","protected":false},"excerpt":{"rendered":"<p>1) Da quanto esercita come chirurgo della mano e microchirurgo? Il Dr. Lucchina esercita come specialista in chirurgia ortopedica dal 2004. Dopo l\u2019ottenimento del titolo di specialista ha iniziato la carriera ospedaliera in qualit\u00e0 di capo clinica nel 2005 quindi come capo servizio responsabile per la chirurgia della mano dal 2006. Nel 2006 ottiene il&#8230;<\/p>\n","protected":false},"author":1,"featured_media":0,"parent":0,"menu_order":0,"comment_status":"closed","ping_status":"open","template":"","meta":{"footnotes":""},"yoast_head":"<!-- This site is optimized with the Yoast SEO plugin v21.0 - https:\/\/yoast.com\/wordpress\/plugins\/seo\/ -->\n<title>Faqs - Dr Stefano Lucchina<\/title>\n<meta name=\"robots\" content=\"index, follow, max-snippet:-1, max-image-preview:large, max-video-preview:-1\" \/>\n<link rel=\"canonical\" href=\"https:\/\/www.drlucchina.com\/it\/faq\/\" \/>\n<meta property=\"og:locale\" content=\"it_IT\" \/>\n<meta property=\"og:type\" content=\"article\" \/>\n<meta property=\"og:title\" content=\"Faqs - Dr Stefano Lucchina\" \/>\n<meta property=\"og:description\" content=\"1) Da quanto esercita come chirurgo della mano e microchirurgo? Il Dr. Lucchina esercita come specialista in chirurgia ortopedica dal 2004. Dopo l\u2019ottenimento del titolo di specialista ha iniziato la carriera ospedaliera in qualit\u00e0 di capo clinica nel 2005 quindi come capo servizio responsabile per la chirurgia della mano dal 2006. Nel 2006 ottiene il...\" \/>\n<meta property=\"og:url\" content=\"https:\/\/www.drlucchina.com\/it\/faq\/\" \/>\n<meta property=\"og:site_name\" content=\"Dr Stefano Lucchina\" \/>\n<meta property=\"article:modified_time\" content=\"2014-07-12T16:51:29+00:00\" \/>\n<meta name=\"twitter:label1\" content=\"Tempo di lettura stimato\" \/>\n\t<meta name=\"twitter:data1\" content=\"3 minuti\" \/>\n<script type=\"application\/ld+json\" class=\"yoast-schema-graph\">{\"@context\":\"https:\/\/schema.org\",\"@graph\":[{\"@type\":\"WebPage\",\"@id\":\"https:\/\/www.drlucchina.com\/it\/faq\/\",\"url\":\"https:\/\/www.drlucchina.com\/it\/faq\/\",\"name\":\"Faqs - Dr Stefano Lucchina\",\"isPartOf\":{\"@id\":\"https:\/\/www.drlucchina.com\/#website\"},\"datePublished\":\"2014-07-11T10:18:12+00:00\",\"dateModified\":\"2014-07-12T16:51:29+00:00\",\"breadcrumb\":{\"@id\":\"https:\/\/www.drlucchina.com\/it\/faq\/#breadcrumb\"},\"inLanguage\":\"it-IT\",\"potentialAction\":[{\"@type\":\"ReadAction\",\"target\":[\"https:\/\/www.drlucchina.com\/it\/faq\/\"]}]},{\"@type\":\"BreadcrumbList\",\"@id\":\"https:\/\/www.drlucchina.com\/it\/faq\/#breadcrumb\",\"itemListElement\":[{\"@type\":\"ListItem\",\"position\":1,\"name\":\"Home\",\"item\":\"https:\/\/www.drlucchina.com\/it\/\"},{\"@type\":\"ListItem\",\"position\":2,\"name\":\"Faqs\"}]},{\"@type\":\"WebSite\",\"@id\":\"https:\/\/www.drlucchina.com\/#website\",\"url\":\"https:\/\/www.drlucchina.com\/\",\"name\":\"Dr Stefano Lucchina\",\"description\":\"Medico Specializzato in Chirurgia della mano e microchirurgia ricostruttiva\",\"potentialAction\":[{\"@type\":\"SearchAction\",\"target\":{\"@type\":\"EntryPoint\",\"urlTemplate\":\"https:\/\/www.drlucchina.com\/?s={search_term_string}\"},\"query-input\":\"required name=search_term_string\"}],\"inLanguage\":\"it-IT\"}]}<\/script>\n<!-- \/ Yoast SEO plugin. -->","yoast_head_json":{"title":"Faqs - Dr Stefano Lucchina","robots":{"index":"index","follow":"follow","max-snippet":"max-snippet:-1","max-image-preview":"max-image-preview:large","max-video-preview":"max-video-preview:-1"},"canonical":"https:\/\/www.drlucchina.com\/it\/faq\/","og_locale":"it_IT","og_type":"article","og_title":"Faqs - Dr Stefano Lucchina","og_description":"1) Da quanto esercita come chirurgo della mano e microchirurgo? Il Dr. Lucchina esercita come specialista in chirurgia ortopedica dal 2004. Dopo l\u2019ottenimento del titolo di specialista ha iniziato la carriera ospedaliera in qualit\u00e0 di capo clinica nel 2005 quindi come capo servizio responsabile per la chirurgia della mano dal 2006. Nel 2006 ottiene il...","og_url":"https:\/\/www.drlucchina.com\/it\/faq\/","og_site_name":"Dr Stefano Lucchina","article_modified_time":"2014-07-12T16:51:29+00:00","twitter_misc":{"Tempo di lettura stimato":"3 minuti"},"schema":{"@context":"https:\/\/schema.org","@graph":[{"@type":"WebPage","@id":"https:\/\/www.drlucchina.com\/it\/faq\/","url":"https:\/\/www.drlucchina.com\/it\/faq\/","name":"Faqs - Dr Stefano Lucchina","isPartOf":{"@id":"https:\/\/www.drlucchina.com\/#website"},"datePublished":"2014-07-11T10:18:12+00:00","dateModified":"2014-07-12T16:51:29+00:00","breadcrumb":{"@id":"https:\/\/www.drlucchina.com\/it\/faq\/#breadcrumb"},"inLanguage":"it-IT","potentialAction":[{"@type":"ReadAction","target":["https:\/\/www.drlucchina.com\/it\/faq\/"]}]},{"@type":"BreadcrumbList","@id":"https:\/\/www.drlucchina.com\/it\/faq\/#breadcrumb","itemListElement":[{"@type":"ListItem","position":1,"name":"Home","item":"https:\/\/www.drlucchina.com\/it\/"},{"@type":"ListItem","position":2,"name":"Faqs"}]},{"@type":"WebSite","@id":"https:\/\/www.drlucchina.com\/#website","url":"https:\/\/www.drlucchina.com\/","name":"Dr Stefano Lucchina","description":"Medico Specializzato in Chirurgia della mano e microchirurgia ricostruttiva","potentialAction":[{"@type":"SearchAction","target":{"@type":"EntryPoint","urlTemplate":"https:\/\/www.drlucchina.com\/?s={search_term_string}"},"query-input":"required name=search_term_string"}],"inLanguage":"it-IT"}]}},"_links":{"self":[{"href":"https:\/\/www.drlucchina.com\/it\/wp-json\/wp\/v2\/pages\/17"}],"collection":[{"href":"https:\/\/www.drlucchina.com\/it\/wp-json\/wp\/v2\/pages"}],"about":[{"href":"https:\/\/www.drlucchina.com\/it\/wp-json\/wp\/v2\/types\/page"}],"author":[{"embeddable":true,"href":"https:\/\/www.drlucchina.com\/it\/wp-json\/wp\/v2\/users\/1"}],"replies":[{"embeddable":true,"href":"https:\/\/www.drlucchina.com\/it\/wp-json\/wp\/v2\/comments?post=17"}],"version-history":[{"count":3,"href":"https:\/\/www.drlucchina.com\/it\/wp-json\/wp\/v2\/pages\/17\/revisions"}],"predecessor-version":[{"id":6058,"href":"https:\/\/www.drlucchina.com\/it\/wp-json\/wp\/v2\/pages\/17\/revisions\/6058"}],"wp:attachment":[{"href":"https:\/\/www.drlucchina.com\/it\/wp-json\/wp\/v2\/media?parent=17"}],"curies":[{"name":"wp","href":"https:\/\/api.w.org\/{rel}","templated":true}]}}