{"id":13,"date":"2014-07-11T12:17:40","date_gmt":"2014-07-11T10:17:40","guid":{"rendered":"https:\/\/www.drlucchina.com\/?page_id=13"},"modified":"2014-07-27T20:08:47","modified_gmt":"2014-07-27T18:08:47","slug":"patologie-urgenza","status":"publish","type":"page","link":"https:\/\/www.drlucchina.com\/it\/patologie-urgenza\/","title":{"rendered":"Urgenza e traumi dello sport"},"content":{"rendered":"<h1><img loading=\"lazy\" decoding=\"async\" width=\"1024\" height=\"343\" class=\"alignnone size-full wp-image-6059\" style=\"width: 100%; margin: 0 0 20px 0;\" src=\"https:\/\/www.drlucchina.com\/wp-content\/uploads\/2014\/07\/patologie_urgenza_1.jpg\" alt=\"Patologie urgenza\" srcset=\"https:\/\/www.drlucchina.com\/wp-content\/uploads\/2014\/07\/patologie_urgenza_1.jpg 1024w, https:\/\/www.drlucchina.com\/wp-content\/uploads\/2014\/07\/patologie_urgenza_1-300x100.jpg 300w, https:\/\/www.drlucchina.com\/wp-content\/uploads\/2014\/07\/patologie_urgenza_1-710x237.jpg 710w\" sizes=\"(max-width: 1024px) 100vw, 1024px\" \/><strong>INTERVENTI DI MICROCHIRURGIA<\/strong><\/h1>\n<p><a href=\"https:\/\/www.drlucchina.com\/wp-content\/uploads\/2014\/07\/DSC063851.jpg\" data-rel=\"lightbox-image-0\" data-rl_title=\"\" data-rl_caption=\"\" title=\"\"><img loading=\"lazy\" decoding=\"async\" class=\"alignleft size-medium wp-image-6226\" src=\"https:\/\/www.drlucchina.com\/wp-content\/uploads\/2014\/07\/DSC063851-226x300.jpg\" alt=\"DSC06385(1)\" width=\"226\" height=\"300\" srcset=\"https:\/\/www.drlucchina.com\/wp-content\/uploads\/2014\/07\/DSC063851-226x300.jpg 226w, https:\/\/www.drlucchina.com\/wp-content\/uploads\/2014\/07\/DSC063851.jpg 419w\" sizes=\"(max-width: 226px) 100vw, 226px\" \/><\/a>Ricordo ad un convegno a Philadelphia una celebre frase di un noto collega di Cincinnati\u00a0\u00a0\u00a0 \u201cA day with microsurgery is a day with a sunshine\u201d (un giorno con un intervento di microchirurgia e\u2019 un giorno con la luce del sole). Credo che una delle attivita\u2019 piu\u2019 interessanti e divertenti per una chirurgo della mano, specie se appassionato microchirurgo, e\u2019 di riattaccare\/ricostruire cio\u2019 che e\u2019 stato staccato\/lesionato in seguito ad un evento traumatico, spesso lavorativo o ridare sensibilita\u2019 ad una estremita\u2019 transitoriamente perduta. Un\u2019estremita\u2019 del corpo pur attiva ma non dotata di sensibilita\u2019 risulta piu\u2019 difficile da muovere e la buona sensibilita\u2019 apicale facilita il movimento.<br \/>\nIl risultato estetico e piu\u2019 spesso funzionale di una parte del proprio corpo rimessa nella posizione dove stava inizialmente resta imbattibile rispetto a qualsiasi soluzione artificiale\u00a0 anche e soprattutto per le influenze psicologiche in termini di mantenimento dell\u2019immagine corporea.<br \/>\nIn quest\u2019ottica, se indicato e in assenza di controindicazioni generali, va fatto tutto subito e rapidamente per ripristinare tale integrita\u2019 evitando al paziente un senso di esclusione sociale e ghettizzazione per un incidente di cui non ha colpa.<br \/>\n<img loading=\"lazy\" decoding=\"async\" class=\"alignright wp-image-6222 size-thumbnail\" src=\"https:\/\/www.drlucchina.com\/wp-content\/uploads\/2014\/07\/unnamed-150x150.jpg\" alt=\"microsurgery\" width=\"150\" height=\"150\" srcset=\"https:\/\/www.drlucchina.com\/wp-content\/uploads\/2014\/07\/unnamed-150x150.jpg 150w, https:\/\/www.drlucchina.com\/wp-content\/uploads\/2014\/07\/unnamed-45x45.jpg 45w\" sizes=\"(max-width: 150px) 100vw, 150px\" \/> 6 ore e\u2019 il tempo massimo mediamente consentito per riattacare una estremita\u2019 di un arto amputata opportunamente conservata e come spesso sono solito dire il risultato finale dipende dal primo gesto diagnostico e terapeutico in quanto le correzioni secondarie non permettono mai una \u201c restitutio ad integrum\u201d.<\/p>\n<p>Visto che gli incidenti spesso lavorativi avvengono piu\u2019 frequentemente nel tardo pomeriggio, tali lunghe procedure terminano di sera o la notte. Anche per tali motivi il training per apprendere tali tecniche deve essere avvenuto in centri di eccellenza e per lunghi periodi per affinare le tecniche ed abituarsi a tali ritmi.<br \/>\nLe possibilita\u2019 ricostruttive che possono essere eseguita con tecnica microchirurgica sono i reimpianti di dita o di arti, i trapianti di tessuti vascolarizzati da donatore, le suture di nervi, i trapianti di nervi, i trasferimenti di nervi o vasi, le coperture con lembo di parti del corpo perdute in seguito a traumi o resezioni di patologie tumorali.<\/p>\n<br \/>\n<h2>GLI INCIDENTI SPORTIVI E LE TENDINITI<\/h2>\n<p><a href=\"https:\/\/www.drlucchina.com\/wp-content\/uploads\/2014\/07\/howellfollow.jpg\" data-rel=\"lightbox-image-1\" data-rl_title=\"\" data-rl_caption=\"\" title=\"\"><img loading=\"lazy\" decoding=\"async\" class=\"alignleft size-medium wp-image-6225\" src=\"https:\/\/www.drlucchina.com\/wp-content\/uploads\/2014\/07\/howellfollow-300x178.jpg\" alt=\"howellfollow\" width=\"300\" height=\"178\" srcset=\"https:\/\/www.drlucchina.com\/wp-content\/uploads\/2014\/07\/howellfollow-300x178.jpg 300w, https:\/\/www.drlucchina.com\/wp-content\/uploads\/2014\/07\/howellfollow.jpg 550w\" sizes=\"(max-width: 300px) 100vw, 300px\" \/><\/a>Gli incidenti sportivi della mano, polso e gomito sono spesso non correttamente diagnosticati e non trattati per la riluttanza dell\u2019atleta ad eseguire una visita medica e per la sua capacit\u00e0 a trovare meccanismi di compenso. Spesso derivano dal\u2019assenza di un approccio multidisciplinare in cui il chirurgo della mano dovrebbe entrare nelle fasi iniziali della diagnosi e della terapia per garantire una accurata diagnosi, ma cio\u2019 non avviene. I piu\u2019 comuni incidenti della mano sono spesso sport-specifici. Per esempio l\u2019avulsione del tendine flessore profondo delle dita dalla falange distale (jersey finger) avviene tipicamente quando l\u2019atleta afferra l\u2019avversario per la maglia causando l\u2019iperestensione del dito con la disinserzione del tendine flessore profondo.<br \/>\nIl dito a martello (mallet finger) e\u2019 tipico dei cestisti e dei pallavolisti ed e\u2019 causato dalla avulsione del tendine estensore alla base della falange distale con una conseguente caduta in flessione dell\u2019articolazione, con il danno estetico e funzionale conseguente. Un riparazione stabile della lesione permette di recuperare in tempi i piu\u2019 ridotti possibili la mobilita\u2019 dapprima passiva e quindi attiva del dito.<br \/>\nI traumi indiretti possono comportare un danno all\u2019apparato estensore o ad una qualsiasi delle piccole articolazioni della mano e del polso (danni legamentari). Una delle piu\u2019 frequenti tendiniti coinvolge i tendini estensori del polso da gesti ripetuti scorretti.<br \/>\nAnche in questo caso la presenza del terapista sul capo di gara e l\u2019adozione delle misure terapeutiche piu\u2019 mini-invasive porta ad una rapida risoluzione dei sintomi.<\/p>\n<h3 style=\"text-align: left;\"><strong>LESIONE DEL LEGAMENTO COLLATERALE ULNARE DEL POLLICE<\/strong><\/h3>\n<p><img loading=\"lazy\" decoding=\"async\" class=\"alignright wp-image-6182 size-medium\" src=\"https:\/\/www.drlucchina.com\/wp-content\/uploads\/2014\/07\/Ski_slalom1-300x187.jpg\" alt=\"Ski_slalom\" width=\"300\" height=\"187\" srcset=\"https:\/\/www.drlucchina.com\/wp-content\/uploads\/2014\/07\/Ski_slalom1-300x187.jpg 300w, https:\/\/www.drlucchina.com\/wp-content\/uploads\/2014\/07\/Ski_slalom1-710x443.jpg 710w, https:\/\/www.drlucchina.com\/wp-content\/uploads\/2014\/07\/Ski_slalom1.jpg 800w\" sizes=\"(max-width: 300px) 100vw, 300px\" \/> \u00c8 la lesione pi\u00f9 frequente alla mano, appannaggio pi\u00f9 frequentemente negli sport quali sci, calcio (portieri) e ciclismo. Pu\u00f2 essere associata o meno ad una frattura ossea da strappo. In presenza di una frattura ossea o di una franca instabilita\u2019 legamentare il trattamento \u00e8 chirurgico per prevenire dolori cronici. In caso contrario deve essere iniziato un programma terapeutico con una breve iniziale immobilizzazione che richiede circa 2-3 mesi di riabilitazione.<br \/>\nL\u2019innovazione degli ultimi anni \u00e8 costituita dalla possibilit\u00e0 di operare casi selezionati per via artroscopica, con piccole incisioni che rendono piu\u2019 estetico il risultato finale e riducono i tempi di recupero sportivo e lavorativo.<\/p>\n<br \/>\n<br \/>\n<br \/>\n<h3><strong>FRATTURE D<img loading=\"lazy\" decoding=\"async\" class=\"alignleft wp-image-6180 size-medium\" src=\"https:\/\/www.drlucchina.com\/wp-content\/uploads\/2014\/07\/modella-cade-e-finisce-a-terra-300x194.jpg\" alt=\"modella-cade-e-finisce-a-terra\" width=\"300\" height=\"194\" srcset=\"https:\/\/www.drlucchina.com\/wp-content\/uploads\/2014\/07\/modella-cade-e-finisce-a-terra-300x194.jpg 300w, https:\/\/www.drlucchina.com\/wp-content\/uploads\/2014\/07\/modella-cade-e-finisce-a-terra-470x303.jpg 470w, https:\/\/www.drlucchina.com\/wp-content\/uploads\/2014\/07\/modella-cade-e-finisce-a-terra.jpg 500w\" sizes=\"(max-width: 300px) 100vw, 300px\" \/>ELL\u2019 OSSO SCAFOIDE<\/strong><\/h3>\n<p>Sono le pi\u00f9 frequenti frattura delle ossa del carpo (circa 85%), spesso misconosciute al primo controllo clinico e con frequente ritardata o assente consolidazione ossea. Oltre ai classici controlli clinici e radiografici, utili gli approfondimenti diagnostici con esame TAC e RMN, quest\u2019ultimo in particolare per studiare la vascolarizzazione residua della porzione ossea piu\u2019 vicina al polso. Il tipo di frattura, la sede particolare dell\u2019osso dove \u00e8 avvenuta, la vascolarizzazione esistente, l\u2019eta\u2019 ed il tipo di attivit\u00e0 svolta sono i fattori determinanti la miglior scelta terapeutica. Qualora indicata, la fissazione ossea con vite rende i tempi di guarigione pi\u00f9 ridotti con pi\u00f9 rapido recupero funzionale rispetto alla immobilizzazione in resina per circa 8-12 settimane.<br \/>\nLa progressione delle tecniche chirurgiche ha permesso di immettere tale vite nelle fratture non troppo dislocate per via percutanea.<\/p>\n<h3><strong>DITO A MARTELLO (MALLET FINGER)<\/strong><\/h3>\n<p><img loading=\"lazy\" decoding=\"async\" class=\"alignright wp-image-6184 size-medium\" src=\"https:\/\/www.drlucchina.com\/wp-content\/uploads\/2014\/07\/mallet-injury-300x154.jpg\" alt=\"mallet injury\" width=\"300\" height=\"154\" srcset=\"https:\/\/www.drlucchina.com\/wp-content\/uploads\/2014\/07\/mallet-injury-300x154.jpg 300w, https:\/\/www.drlucchina.com\/wp-content\/uploads\/2014\/07\/mallet-injury.jpg 600w\" sizes=\"(max-width: 300px) 100vw, 300px\" \/> \u00c8 la lesione del tendine estensore, tipica di alcuni sport (basket, volley, rugby) all&#8217;apice del dito. La lesione tendinea avviene alla base della falange distale con la comparsa di un apice digitale cadente con danno estetico e funzionale non secondario. Se la lesione tendinea non \u00e8 associata ad una frattura da strappo il trattamento \u00e8 in stecca preformata per 6-8 settimane. In caso contrario il trattamento \u00e8 chirurgico per via mini-invasiva e senza incisioni sulla pelle ma unicamente con dei piccoli fili metallici che vengono inseriti e che correggono la posizione dei frammenti ossei stabilizzandoli nella posizione desiderata per una migliore guarigione. Tale tecnica \u00e8 definita sec. Badia o sec. Ishiguro. Uno studio da me effettuato nel 2010 e pubblicato su una importante rivista internazionale cinese ha confrontato tali tecniche miniinvasive con la tecnica classica aperta non rilevando differenze di risultati statisticamente significative.<\/p>\n<br \/>\n<br \/>\n<h3><strong>LESIONE DEL LEGAMENTO SCAFO-LUNARE<\/strong><\/h3>\n<p><a href=\"https:\/\/www.drlucchina.com\/wp-content\/uploads\/2014\/07\/legam-SL1.jpg\" data-rel=\"lightbox-image-2\" data-rl_title=\"\" data-rl_caption=\"\" title=\"\"><img loading=\"lazy\" decoding=\"async\" class=\"alignleft size-medium wp-image-6251\" src=\"https:\/\/www.drlucchina.com\/wp-content\/uploads\/2014\/07\/legam-SL1-300x245.jpg\" alt=\"legam SL(1)\" width=\"300\" height=\"245\" srcset=\"https:\/\/www.drlucchina.com\/wp-content\/uploads\/2014\/07\/legam-SL1-300x245.jpg 300w, https:\/\/www.drlucchina.com\/wp-content\/uploads\/2014\/07\/legam-SL1-1024x838.jpg 1024w, https:\/\/www.drlucchina.com\/wp-content\/uploads\/2014\/07\/legam-SL1-710x581.jpg 710w, https:\/\/www.drlucchina.com\/wp-content\/uploads\/2014\/07\/legam-SL1-1040x851.jpg 1040w\" sizes=\"(max-width: 300px) 100vw, 300px\" \/><\/a>E\u2019 la lesione legamentare tipica di alcuni sport (ciclismo, mountain bike, motociclismo, hockey) piu\u2019 frequente al polso. La sua lesione determina una sensazione di cedimento con un \u201cclic\u201d tipico nelle prese di attrezzi e utensili con perdita di forza importante. La diagnosi clinica si avvale del supporto della radiologia convenzionale della mano, dell\u2019esame artro-RMN e dell\u2019eventuale artroscopia di polso, in caso di dubbio. Il trattamento risolutivo in fase acuta \u00e8 mediante la sutura diretta o nelle lesioni parziali la termovaporizzazione artroscopica seguita da intensa fisioterapia.<\/p>\n<br \/>\n<br \/>\n<br \/>\n<br \/>\n<br \/>\n<br \/>\n<h3><strong>FRATTURE DI METACARPI E FALANGI<\/strong><img loading=\"lazy\" decoding=\"async\" class=\"alignright wp-image-6192 size-full\" src=\"https:\/\/www.drlucchina.com\/wp-content\/uploads\/2014\/07\/877412fd83c9490cb2be06d0c3645ba5.jpg\" alt=\"Juan Manuel Lopez, Rafael Marquez\" width=\"440\" height=\"272\" srcset=\"https:\/\/www.drlucchina.com\/wp-content\/uploads\/2014\/07\/877412fd83c9490cb2be06d0c3645ba5.jpg 440w, https:\/\/www.drlucchina.com\/wp-content\/uploads\/2014\/07\/877412fd83c9490cb2be06d0c3645ba5-300x185.jpg 300w\" sizes=\"(max-width: 440px) 100vw, 440px\" \/><\/h3>\n<p>Assai frequenti in corso di cadute. Possono essere trattate diversamente a seconda della dislocazione, della sede del dito coinvolto e del tipo di frattura esistente. Le fratture intraarticolari meritano abitualmente una stabilizzazione chirurgica con tecniche mini-invasive e talora con l\u2019ausilio dell\u2019artroscopio anche alle piccole articolazioni delle dita. L\u2019intervento chirurgico permette abitualmente una riduzione dei tempi di immobilizzazione e di guarigione.<\/p>\n<br \/>\n","protected":false},"excerpt":{"rendered":"<p>INTERVENTI DI MICROCHIRURGIA Ricordo ad un convegno a Philadelphia una celebre frase di un noto collega di Cincinnati\u00a0\u00a0\u00a0 \u201cA day with microsurgery is a day with a sunshine\u201d (un giorno con un intervento di microchirurgia e\u2019 un giorno con la luce del sole). Credo che una delle attivita\u2019 piu\u2019 interessanti e divertenti per una chirurgo&#8230;<\/p>\n","protected":false},"author":1,"featured_media":0,"parent":0,"menu_order":0,"comment_status":"closed","ping_status":"open","template":"","meta":{"footnotes":""},"yoast_head":"<!-- This site is optimized with the Yoast SEO plugin v21.0 - https:\/\/yoast.com\/wordpress\/plugins\/seo\/ -->\n<title>Urgenza e traumi dello sport - Dr Stefano Lucchina<\/title>\n<meta name=\"robots\" content=\"index, follow, max-snippet:-1, max-image-preview:large, max-video-preview:-1\" \/>\n<link rel=\"canonical\" href=\"https:\/\/www.drlucchina.com\/emergency-and-trauma-sports\/\" \/>\n<meta property=\"og:locale\" content=\"it_IT\" \/>\n<meta property=\"og:type\" content=\"article\" \/>\n<meta property=\"og:title\" content=\"Urgenza e traumi dello sport - Dr Stefano Lucchina\" \/>\n<meta property=\"og:description\" content=\"INTERVENTI DI MICROCHIRURGIA Ricordo ad un convegno a Philadelphia una celebre frase di un noto collega di Cincinnati\u00a0\u00a0\u00a0 \u201cA day with microsurgery is a day with a sunshine\u201d (un giorno con un intervento di microchirurgia e\u2019 un giorno con la luce del sole). Credo che una delle attivita\u2019 piu\u2019 interessanti e divertenti per una chirurgo...\" \/>\n<meta property=\"og:url\" content=\"https:\/\/www.drlucchina.com\/emergency-and-trauma-sports\/\" \/>\n<meta property=\"og:site_name\" content=\"Dr Stefano Lucchina\" \/>\n<meta property=\"article:modified_time\" content=\"2014-07-27T18:08:47+00:00\" \/>\n<meta property=\"og:image\" content=\"https:\/\/www.drlucchina.com\/wp-content\/uploads\/2014\/07\/patologie_urgenza_1.jpg\" \/>\n<meta name=\"twitter:label1\" content=\"Tempo di lettura stimato\" \/>\n\t<meta name=\"twitter:data1\" content=\"6 minuti\" \/>\n<script type=\"application\/ld+json\" class=\"yoast-schema-graph\">{\"@context\":\"https:\/\/schema.org\",\"@graph\":[{\"@type\":\"WebPage\",\"@id\":\"https:\/\/www.drlucchina.com\/emergency-and-trauma-sports\/\",\"url\":\"https:\/\/www.drlucchina.com\/emergency-and-trauma-sports\/\",\"name\":\"Urgenza e traumi dello sport - Dr Stefano Lucchina\",\"isPartOf\":{\"@id\":\"https:\/\/www.drlucchina.com\/#website\"},\"datePublished\":\"2014-07-11T10:17:40+00:00\",\"dateModified\":\"2014-07-27T18:08:47+00:00\",\"breadcrumb\":{\"@id\":\"https:\/\/www.drlucchina.com\/emergency-and-trauma-sports\/#breadcrumb\"},\"inLanguage\":\"it-IT\",\"potentialAction\":[{\"@type\":\"ReadAction\",\"target\":[\"https:\/\/www.drlucchina.com\/emergency-and-trauma-sports\/\"]}]},{\"@type\":\"BreadcrumbList\",\"@id\":\"https:\/\/www.drlucchina.com\/emergency-and-trauma-sports\/#breadcrumb\",\"itemListElement\":[{\"@type\":\"ListItem\",\"position\":1,\"name\":\"Home\",\"item\":\"https:\/\/www.drlucchina.com\/it\/\"},{\"@type\":\"ListItem\",\"position\":2,\"name\":\"Urgenza e traumi dello sport\"}]},{\"@type\":\"WebSite\",\"@id\":\"https:\/\/www.drlucchina.com\/#website\",\"url\":\"https:\/\/www.drlucchina.com\/\",\"name\":\"Dr Stefano Lucchina\",\"description\":\"Medico Specializzato in Chirurgia della mano e microchirurgia ricostruttiva\",\"potentialAction\":[{\"@type\":\"SearchAction\",\"target\":{\"@type\":\"EntryPoint\",\"urlTemplate\":\"https:\/\/www.drlucchina.com\/?s={search_term_string}\"},\"query-input\":\"required name=search_term_string\"}],\"inLanguage\":\"it-IT\"}]}<\/script>\n<!-- \/ Yoast SEO plugin. -->","yoast_head_json":{"title":"Urgenza e traumi dello sport - Dr Stefano Lucchina","robots":{"index":"index","follow":"follow","max-snippet":"max-snippet:-1","max-image-preview":"max-image-preview:large","max-video-preview":"max-video-preview:-1"},"canonical":"https:\/\/www.drlucchina.com\/emergency-and-trauma-sports\/","og_locale":"it_IT","og_type":"article","og_title":"Urgenza e traumi dello sport - Dr Stefano Lucchina","og_description":"INTERVENTI DI MICROCHIRURGIA Ricordo ad un convegno a Philadelphia una celebre frase di un noto collega di Cincinnati\u00a0\u00a0\u00a0 \u201cA day with microsurgery is a day with a sunshine\u201d (un giorno con un intervento di microchirurgia e\u2019 un giorno con la luce del sole). Credo che una delle attivita\u2019 piu\u2019 interessanti e divertenti per una chirurgo...","og_url":"https:\/\/www.drlucchina.com\/emergency-and-trauma-sports\/","og_site_name":"Dr Stefano Lucchina","article_modified_time":"2014-07-27T18:08:47+00:00","og_image":[{"url":"https:\/\/www.drlucchina.com\/wp-content\/uploads\/2014\/07\/patologie_urgenza_1.jpg"}],"twitter_misc":{"Tempo di lettura stimato":"6 minuti"},"schema":{"@context":"https:\/\/schema.org","@graph":[{"@type":"WebPage","@id":"https:\/\/www.drlucchina.com\/emergency-and-trauma-sports\/","url":"https:\/\/www.drlucchina.com\/emergency-and-trauma-sports\/","name":"Urgenza e traumi dello sport - Dr Stefano Lucchina","isPartOf":{"@id":"https:\/\/www.drlucchina.com\/#website"},"datePublished":"2014-07-11T10:17:40+00:00","dateModified":"2014-07-27T18:08:47+00:00","breadcrumb":{"@id":"https:\/\/www.drlucchina.com\/emergency-and-trauma-sports\/#breadcrumb"},"inLanguage":"it-IT","potentialAction":[{"@type":"ReadAction","target":["https:\/\/www.drlucchina.com\/emergency-and-trauma-sports\/"]}]},{"@type":"BreadcrumbList","@id":"https:\/\/www.drlucchina.com\/emergency-and-trauma-sports\/#breadcrumb","itemListElement":[{"@type":"ListItem","position":1,"name":"Home","item":"https:\/\/www.drlucchina.com\/it\/"},{"@type":"ListItem","position":2,"name":"Urgenza e traumi dello sport"}]},{"@type":"WebSite","@id":"https:\/\/www.drlucchina.com\/#website","url":"https:\/\/www.drlucchina.com\/","name":"Dr Stefano Lucchina","description":"Medico Specializzato in Chirurgia della mano e microchirurgia ricostruttiva","potentialAction":[{"@type":"SearchAction","target":{"@type":"EntryPoint","urlTemplate":"https:\/\/www.drlucchina.com\/?s={search_term_string}"},"query-input":"required name=search_term_string"}],"inLanguage":"it-IT"}]}},"_links":{"self":[{"href":"https:\/\/www.drlucchina.com\/it\/wp-json\/wp\/v2\/pages\/13"}],"collection":[{"href":"https:\/\/www.drlucchina.com\/it\/wp-json\/wp\/v2\/pages"}],"about":[{"href":"https:\/\/www.drlucchina.com\/it\/wp-json\/wp\/v2\/types\/page"}],"author":[{"embeddable":true,"href":"https:\/\/www.drlucchina.com\/it\/wp-json\/wp\/v2\/users\/1"}],"replies":[{"embeddable":true,"href":"https:\/\/www.drlucchina.com\/it\/wp-json\/wp\/v2\/comments?post=13"}],"version-history":[{"count":29,"href":"https:\/\/www.drlucchina.com\/it\/wp-json\/wp\/v2\/pages\/13\/revisions"}],"predecessor-version":[{"id":6252,"href":"https:\/\/www.drlucchina.com\/it\/wp-json\/wp\/v2\/pages\/13\/revisions\/6252"}],"wp:attachment":[{"href":"https:\/\/www.drlucchina.com\/it\/wp-json\/wp\/v2\/media?parent=13"}],"curies":[{"name":"wp","href":"https:\/\/api.w.org\/{rel}","templated":true}]}}